{"id":11041,"date":"2026-04-14T16:13:30","date_gmt":"2026-04-14T15:13:30","guid":{"rendered":"https:\/\/contextile.pt\/en\/?page_id=11041"},"modified":"2026-04-16T15:37:52","modified_gmt":"2026-04-16T14:37:52","slug":"contextile-2026-selected-artists","status":"publish","type":"page","link":"https:\/\/contextile.pt\/en\/contextile-2026-selected-artists\/","title":{"rendered":"Contextile 2026 \u2013 Selected Artists"},"content":{"rendered":"\t\t<div data-elementor-type=\"wp-page\" data-elementor-id=\"11041\" class=\"elementor elementor-11041\" data-elementor-post-type=\"page\">\n\t\t\t\t\t\t<section class=\"elementor-section elementor-top-section elementor-element elementor-element-1d001d1 elementor-section-boxed elementor-section-height-default elementor-section-height-default\" data-id=\"1d001d1\" data-element_type=\"section\" data-e-type=\"section\">\n\t\t\t\t\t\t<div class=\"elementor-container elementor-column-gap-default\">\n\t\t\t\t\t<div class=\"elementor-column elementor-col-100 elementor-top-column elementor-element elementor-element-cdce304\" data-id=\"cdce304\" data-element_type=\"column\" data-e-type=\"column\">\n\t\t\t<div class=\"elementor-widget-wrap elementor-element-populated\">\n\t\t\t\t\t\t<div class=\"elementor-element elementor-element-62e38e8 elementor-widget elementor-widget-spacer\" data-id=\"62e38e8\" data-element_type=\"widget\" data-e-type=\"widget\" data-widget_type=\"spacer.default\">\n\t\t\t\t<div class=\"elementor-widget-container\">\n\t\t\t\t\t\t\t<div class=\"elementor-spacer\">\n\t\t\t<div class=\"elementor-spacer-inner\"><\/div>\n\t\t<\/div>\n\t\t\t\t\t\t<\/div>\n\t\t\t\t<\/div>\n\t\t\t\t<div class=\"elementor-element elementor-element-d656e12 elementor-widget elementor-widget-heading\" data-id=\"d656e12\" data-element_type=\"widget\" data-e-type=\"widget\" data-widget_type=\"heading.default\">\n\t\t\t\t<div class=\"elementor-widget-container\">\n\t\t\t\t\t<h2 class=\"elementor-heading-title elementor-size-default\">INTERNATIONAL<br>EXHIBITION\n<br>\u2014<br>\nSelected Artists<\/h2>\t\t\t\t<\/div>\n\t\t\t\t<\/div>\n\t\t\t\t<div class=\"elementor-element elementor-element-ef0b30d elementor-widget elementor-widget-spacer\" data-id=\"ef0b30d\" data-element_type=\"widget\" data-e-type=\"widget\" data-widget_type=\"spacer.default\">\n\t\t\t\t<div class=\"elementor-widget-container\">\n\t\t\t\t\t\t\t<div class=\"elementor-spacer\">\n\t\t\t<div class=\"elementor-spacer-inner\"><\/div>\n\t\t<\/div>\n\t\t\t\t\t\t<\/div>\n\t\t\t\t<\/div>\n\t\t\t\t<div class=\"elementor-element elementor-element-9bb31f0 elementor-widget-divider--view-line elementor-widget elementor-widget-divider\" data-id=\"9bb31f0\" data-element_type=\"widget\" data-e-type=\"widget\" data-widget_type=\"divider.default\">\n\t\t\t\t<div class=\"elementor-widget-container\">\n\t\t\t\t\t\t\t<div class=\"elementor-divider\">\n\t\t\t<span class=\"elementor-divider-separator\">\n\t\t\t\t\t\t<\/span>\n\t\t<\/div>\n\t\t\t\t\t\t<\/div>\n\t\t\t\t<\/div>\n\t\t\t\t<div class=\"elementor-element elementor-element-c2c30ba elementor-widget elementor-widget-text-editor\" data-id=\"c2c30ba\" data-element_type=\"widget\" data-e-type=\"widget\" data-widget_type=\"text-editor.default\">\n\t\t\t\t<div class=\"elementor-widget-container\">\n\t\t\t\t\t\t\t\t\t<p class=\"gmail-MsoBodyText\"><span style=\"letter-spacing: 0px;\">Contextile 2026 \u2013 Contemporary Textile Art Biennial would like to thank the\u00a0<\/span><b style=\"letter-spacing: 0px;\">1.604 artists<\/b><span style=\"letter-spacing: 0px;\">\u00a0(from 81 countries) who submitted\u00a0<\/span><b style=\"letter-spacing: 0px;\">2.036 artworks<\/b><span style=\"letter-spacing: 0px;\">\u00a0in response to the open call for the International Exhibition. The large turnout and the quantity and high quality of the works made the jury\u2019s task a difficult one, the jury is a multidisciplinary team that includes Lala de Dios (curator, textile artist), Magda Sobo\u0144 (visual artist and art teacher), Magali Junet (curator at the Fondation Toms Pauli, Lausanne), Susana Pires (visual artist and lecturer), Lewis Biggs (consultant and curator) and Cl\u00e1udia Melo (artistic director and curator of Contextile 2026).<\/span><\/p><p class=\"gmail-MsoBodyText\"><span lang=\"PT\">The Jury gathered in person on the 9th and 10th April in Guimar\u00e3es, Portugal, and, following a long and arduous evaluation process, selected\u00a0<b>54 works by 51 artists<\/b>\u00a0(from 27 countries) in accordance with the criteria set out in the competition rules (high creativity, originality and technical skill in relation to the textile element, construction, theme, concept or material used), as well as the theme and concept of Contextile 2026: \u201cBy a Thread_Por um Fio\u201d.<\/span><\/p><p class=\"gmail-MsoBodyText\"><span lang=\"PT\">The Acquisition Prize and the Honourable Mentions for the International Exhibition will be awarded at the opening of Contextile 2026, taking place on the 5th September in Guimar\u00e3es, Portugal.<\/span><\/p><p class=\"gmail-MsoBodyText\">\u00a0<\/p><p class=\"gmail-MsoBodyText\"><span lang=\"PT\">Selected Artists, 2026:<\/span><\/p>\t\t\t\t\t\t\t\t<\/div>\n\t\t\t\t<\/div>\n\t\t\t\t\t<\/div>\n\t\t<\/div>\n\t\t\t\t\t<\/div>\n\t\t<\/section>\n\t\t<div class=\"elementor-element elementor-element-29fbef5 e-flex e-con-boxed e-con e-parent\" data-id=\"29fbef5\" data-element_type=\"container\" data-e-type=\"container\">\n\t\t\t\t\t<div class=\"e-con-inner\">\n\t\t\t\t<div class=\"elementor-element elementor-element-cd129c2 elementor-widget elementor-widget-spacer\" data-id=\"cd129c2\" data-element_type=\"widget\" data-e-type=\"widget\" data-widget_type=\"spacer.default\">\n\t\t\t\t<div class=\"elementor-widget-container\">\n\t\t\t\t\t\t\t<div class=\"elementor-spacer\">\n\t\t\t<div class=\"elementor-spacer-inner\"><\/div>\n\t\t<\/div>\n\t\t\t\t\t\t<\/div>\n\t\t\t\t<\/div>\n\t\t\t\t\t<\/div>\n\t\t\t\t<\/div>\n\t\t<div class=\"elementor-element elementor-element-99eec2a e-grid e-con-boxed e-con e-parent\" data-id=\"99eec2a\" data-element_type=\"container\" data-e-type=\"container\">\n\t\t\t\t\t<div class=\"e-con-inner\">\n\t\t\t\t<div class=\"elementor-element elementor-element-4ebe5c1 elementor-widget elementor-widget-text-editor\" data-id=\"4ebe5c1\" data-element_type=\"widget\" data-e-type=\"widget\" data-widget_type=\"text-editor.default\">\n\t\t\t\t<div class=\"elementor-widget-container\">\n\t\t\t\t\t\t\t\t\t<p><b>Agnieszka Polkowska<br \/><\/b>Poland<br \/><a href=\"https:\/\/www.instagram.com\/polkowska\" target=\"_blank\" rel=\"noopener\">@polkowska<\/a><\/p><p><b>Alejandra Ruiz Su\u00e1rez<br \/><\/b>Colombia<br \/><a href=\"https:\/\/www.instagram.com\/helloalegria\">@helloalegria<\/a><\/p><p><b>Alvar Calvet<br \/><\/b>Spain<br \/><a href=\"https:\/\/www.instagram.com\/alvarcalvet\">@alvarcalvet<\/a><\/p><p><strong>Ana Mar\u00eda Zamora<\/strong><br \/>Colombia<br \/><a href=\"https:\/\/www.instagram.com\/m_a_n_i_g_u_a\">@m_a_n_i_g_u_a<\/a><\/p><p><b>\u00c2nia Pais<br \/><\/b>Portugal<br \/><a href=\"https:\/\/www.instagram.com\/ania.pais\">@ania.pais<\/a><\/p><p><b>Aur\u00e9lia Cerulei<br \/><\/b>France<br \/><a href=\"https:\/\/www.instagram.com\/aurelia-cerulei\">@aurelia-cerulei<\/a><\/p><p><b>Barbora Gediminait\u0117<br \/><\/b>Lithuania<br \/><a href=\"https:\/\/www.instagram.com\/barbora_g\">@barbora_g<\/a><\/p><p><b>Carlotta Mansi<br \/><\/b>Italy<br \/><a href=\"https:\/\/www.instagram.com\/carlottamansi\">@carlottamansi<\/a><\/p><p><b>Daniel Fernandez Carrillo<br \/><\/b>Mexico<br \/><a href=\"https:\/\/www.instagram.com\/daniel_cfernandez\">@daniel_cfernandez<\/a><\/p><p><b>Daniele Manno\u00a0<i>aka<\/i>\u00a0Maninelkaos<br \/><\/b>Belgium<br \/><a href=\"https:\/\/www.instagram.com\/maninelkaos\">@maninelkaos<\/a><\/p><p><b>Dominika Krogulska-Czekalska<br \/><\/b>Poland<br \/><a href=\"https:\/\/www.instagram.com\/dominikakrogulska\">@dominikakrogulska<\/a><\/p><p><b>Erika Ewel<br \/><\/b>Bolivia<br \/><a href=\"https:\/\/www.instagram.com\/erikaewel\">@erikaewel<\/a><\/p><p><b>Estela Ribeiro de Melo<br \/><\/b>Portugal<br \/><a href=\"https:\/\/www.instagram.com\/OvelhaMae\">@OvelhaMae<\/a><\/p><p><b>Eva Jagerman<br \/><\/b>Netherlands<br \/><a href=\"https:\/\/www.instagram.com\/jagermaneva\">@jagermaneva<\/a><\/p><p><b>Frank Lahera O\u00b4Callaghan<br \/><\/b>Portugal<br \/><a href=\"https:\/\/www.instagram.com\/probetafilmscuba\">@probetafilmscuba<\/a><\/p><p><b>Furkan Efe<br \/><\/b>Turkey<br \/><a href=\"https:\/\/www.instagram.com\/efefurkanf\">@efefurkanf<\/a><\/p><p><b>Gertruda Gilyte<br \/><\/b>Germany<br \/><a href=\"https:\/\/www.instagram.com\/successful_art_project\">@successful_art_project<\/a><\/p>\t\t\t\t\t\t\t\t<\/div>\n\t\t\t\t<\/div>\n\t\t\t\t<div class=\"elementor-element elementor-element-e36cb65 elementor-widget elementor-widget-text-editor\" data-id=\"e36cb65\" data-element_type=\"widget\" data-e-type=\"widget\" data-widget_type=\"text-editor.default\">\n\t\t\t\t<div class=\"elementor-widget-container\">\n\t\t\t\t\t\t\t\t\t<p><b>Gvantsa Jishkariani<br \/><\/b>Georgia\/Spain <br \/><a href=\"https:\/\/www.instagram.com\/naivesuperstar\">@naivesuperstar<\/a><\/p><p><b>Halley Zien<br \/><\/b>USA <br \/><a href=\"https:\/\/www.instagram.com\/halzien\">@halzien<\/a><\/p><p><b>Ido Michaeli<br \/><\/b>USA <br \/><a href=\"https:\/\/www.instagram.com\/idomichaeli_\">@idomichaeli_<br \/><\/a><br \/><b>Inna Grishechkina<br \/><\/b>Russia <br \/><a href=\"http:\/\/www.instagram.com\/grishechkinna\">@grishechkinna<\/a><\/p><p><b>Jana Vyborna-Turunen<br \/><\/b>Finland<br \/><span style=\"letter-spacing: 0px;\"><a href=\"https:\/\/www.instagram.com\/jana.v.t.f\">@jana.v.t.f<\/a><\/span><\/p><p><b>Jeana Klein<br \/><\/b>USA<br \/><a href=\"https:\/\/www.instagram.com\/jeanaeveklein\">@jeanaeveklein<br \/><\/a><br \/><b>Jeanette Szirmay<br \/><\/b>Hungary <br \/><a href=\"https:\/\/www.instagram.com\/jeanette_szirmay\">@jeanette_szirmay<br \/><\/a><br \/><b>Jem Woolidge<br \/><\/b>Canada<br \/><a href=\"https:\/\/www.instagram.com\/jemwoolidge\">@jemwoolidge<br \/><\/a><br \/><b>Jenny Steele<br \/><\/b>UK<br \/><a href=\"https:\/\/www.instagram.com\/jennycsteele\">@jennycsteele<br \/><\/a><br \/><b>Jiyong Kim<br \/><\/b>South Korea<br \/><a href=\"https:\/\/www.instagram.com\/ji.yong_2\">@ji.yong_2<br \/><\/a><br \/><b>Joanna Rogers<br \/><\/b>Canada<br \/><span style=\"letter-spacing: 0px;\"><a href=\"https:\/\/www.instagram.com\/joanna_rogers_art\">@joanna_rogers_art<\/a><\/span><\/p><p><b>Katarzyna Szczytowska<br \/><\/b>Poland <br \/><a href=\"https:\/\/www.instagram.com\/plantystudio\">@plantystudio<br \/><\/a><span style=\"letter-spacing: 0px;\"><br \/><b>Kristin Tinsa S\u00e6terdal<br \/><\/b>Norway<br \/><a href=\"https:\/\/www.instagram.com\/kristin_tinsa_saeterdal\">@kristin_tinsa_saeterdal<br \/><\/a><\/span><span style=\"letter-spacing: 0px;\"><br \/><b>Lars Preisser<br \/><\/b><\/span><span style=\"letter-spacing: 0px;\">Germany <br \/><a href=\"https:\/\/www.instagram.com\/larspreisser\">@larspreisser<\/a><\/span><\/p><p><b>Lionel Cruet<br \/><\/b>USA <br \/><a href=\"https:\/\/www.instagram.com\/lionelcruet\">@lionelcruet<br \/><\/a><br \/><b>Maja Geci\u0107<br \/><\/b>Serbia<br \/><a href=\"https:\/\/www.instagram.com\/maja.gecic\">@maja.gecic<br \/><\/a><br \/><b>Mari Meen Hals\u00f8y<br \/><\/b>Norway<br \/><a href=\"https:\/\/www.instagram.com\/marimeenhalsoy\">@marimeenhalsoy<\/a><\/p>\t\t\t\t\t\t\t\t<\/div>\n\t\t\t\t<\/div>\n\t\t\t\t<div class=\"elementor-element elementor-element-9a84407 elementor-widget elementor-widget-text-editor\" data-id=\"9a84407\" data-element_type=\"widget\" data-e-type=\"widget\" data-widget_type=\"text-editor.default\">\n\t\t\t\t<div class=\"elementor-widget-container\">\n\t\t\t\t\t\t\t\t\t<p><b>Mariana Bacelar<br \/><\/b>Portugal<br \/><a href=\"https:\/\/www.instagram.com\/marianabacelar11\">@marianabacelar11<\/a><\/p><p><b>Mich\u00e8le Forest<br \/><\/b>France<br \/><a href=\"https:\/\/www.instagram.com\/michele_forest\">@michele_forest<\/a><\/p><p><b>Monika Shaded<br \/><\/b>Poland<br \/><a href=\"https:\/\/www.instagram.com\/michele_foresthttps:\/\/www.instagram.com\/monikashaded\">@monikashaded<\/a><\/p><p><b>Monika \u017daltauskait\u0117 Gra\u0161ien\u0117<br \/><\/b>Lithuania<br \/><a href=\"https:\/\/www.instagram.com\/monika.grasiene\">@monika.grasiene<\/a><\/p><p><b>NEAN<br \/><\/b>Switzerland<\/p><p><b>Nobuko Tsuruta<br \/><\/b>USA<br \/><a href=\"https:\/\/www.instagram.com\/nobukotsuruta\">@nobukotsuruta<\/a><\/p><p><b>Pierre-Yves Delannoy<br \/><\/b>Germany<br \/><a href=\"https:\/\/www.instagram.com\/pi_lannoy\">@pi_lannoy<\/a><\/p><p><b>Pinelopi Triantafyllou<br \/><\/b>Switzerland<br \/><a href=\"https:\/\/www.instagram.com\/pinelopi_triantafyllou\">@pinelopi_triantafyllou<\/a><\/p><p><b>Raul Martinez<br \/><\/b>USA<br \/><a href=\"https:\/\/www.instagram.com\/detext\">@detext<\/a><\/p><p><b>Rina-Green Noodle<br \/><\/b>Germany<br \/><a href=\"https:\/\/www.instagram.com\/detexthttps:\/\/www.instagram.com\/tryapi4naya_lapsha\">@tryapi4naya_lapsha<\/a><\/p><p><b>Salima Hakim<br \/><\/b>Indonesia<br \/><a href=\"https:\/\/www.instagram.com\/detexthttps:\/\/www.instagram.com\/tryapi4naya_lapshahttps:\/\/www.instagram.com\/salimahakim\">@salimahakim<\/a><\/p><p><b>Sana Naqvi<br \/><\/b>Pakistan<br \/><a href=\"https:\/\/www.instagram.com\/detexthttps:\/\/www.instagram.com\/tryapi4naya_lapshahttps:\/\/www.instagram.com\/salimahakimhttps:\/\/www.instagram.com\/sana_knackwye\">@sana_knackwye<\/a><\/p><p><b>Sasha de Koninck<br \/><\/b>USA<br \/><a href=\"https:\/\/www.instagram.com\/detexthttps:\/\/www.instagram.com\/tryapi4naya_lapshahttps:\/\/www.instagram.com\/salimahakimhttps:\/\/www.instagram.com\/sana_knackwyehttps:\/\/www.instagram.com\/sdekoninck\">@sdekoninck<\/a><\/p><p><b>V\u00e2nia Jo\u00e3o Santos<br \/><\/b>Switzerland<br \/><a href=\"https:\/\/www.instagram.com\/vania.joao\">@vania.joao<\/a><\/p><p><b>Vic Liu<br \/><\/b>USA<br \/><a href=\"https:\/\/www.instagram.com\/v_isforvic\">@v_isforvic<\/a><\/p><p><b>Viviane Straub<br \/><\/b>Spain<br \/><a href=\"https:\/\/www.instagram.com\/vieane_29\">@vieane_29<\/a><\/p><p><b>Zina Katz<br \/><\/b>Argentina<br \/><a href=\"https:\/\/www.instagram.com\/zina.katz\">@zina.katz<\/a><\/p>\t\t\t\t\t\t\t\t<\/div>\n\t\t\t\t<\/div>\n\t\t\t\t\t<\/div>\n\t\t\t\t<\/div>\n\t\t\t\t<\/div>\n\t\t","protected":false},"excerpt":{"rendered":"<p>INTERNATIONALEXHIBITION \u2014 Selected Artists Contextile 2026 \u2013 Contemporary Textile Art Biennial would like to thank the\u00a01.604 artists\u00a0(from 81 countries) who submitted\u00a02.036 artworks\u00a0in response to the open call for the International Exhibition. The large turnout and the quantity and high quality of the works made the jury\u2019s task a difficult one, the jury is a multidisciplinary&hellip;&nbsp;<a href=\"https:\/\/contextile.pt\/en\/contextile-2026-selected-artists\/\" class=\"\" rel=\"bookmark\">Read More &raquo;<span class=\"screen-reader-text\">Contextile 2026 \u2013 Selected Artists<\/span><\/a><\/p>\n","protected":false},"author":1,"featured_media":0,"parent":0,"menu_order":0,"comment_status":"closed","ping_status":"closed","template":"page-templates\/template-pagebuilder-full-width.php","meta":{"neve_meta_sidebar":"full-width","neve_meta_container":"","neve_meta_enable_content_width":"on","neve_meta_content_width":100,"neve_meta_title_alignment":"","neve_meta_author_avatar":"","neve_post_elements_order":"","neve_meta_disable_header":"","neve_meta_disable_footer":"","neve_meta_disable_title":"","_themeisle_gutenberg_block_has_review":false,"footnotes":""},"class_list":["post-11041","page","type-page","status-publish","hentry"],"_links":{"self":[{"href":"https:\/\/contextile.pt\/en\/wp-json\/wp\/v2\/pages\/11041","targetHints":{"allow":["GET"]}}],"collection":[{"href":"https:\/\/contextile.pt\/en\/wp-json\/wp\/v2\/pages"}],"about":[{"href":"https:\/\/contextile.pt\/en\/wp-json\/wp\/v2\/types\/page"}],"author":[{"embeddable":true,"href":"https:\/\/contextile.pt\/en\/wp-json\/wp\/v2\/users\/1"}],"replies":[{"embeddable":true,"href":"https:\/\/contextile.pt\/en\/wp-json\/wp\/v2\/comments?post=11041"}],"version-history":[{"count":46,"href":"https:\/\/contextile.pt\/en\/wp-json\/wp\/v2\/pages\/11041\/revisions"}],"predecessor-version":[{"id":11100,"href":"https:\/\/contextile.pt\/en\/wp-json\/wp\/v2\/pages\/11041\/revisions\/11100"}],"wp:attachment":[{"href":"https:\/\/contextile.pt\/en\/wp-json\/wp\/v2\/media?parent=11041"}],"curies":[{"name":"wp","href":"https:\/\/api.w.org\/{rel}","templated":true}]}}