{"id":3703,"date":"2023-01-25T15:31:30","date_gmt":"2023-01-25T15:31:30","guid":{"rendered":"https:\/\/contextile.pt\/2022\/en\/?page_id=3703"},"modified":"2023-01-25T15:41:10","modified_gmt":"2023-01-25T15:41:10","slug":"bilp-open-call","status":"publish","type":"page","link":"https:\/\/contextile.pt\/en\/bilp-open-call\/","title":{"rendered":"BILP OPEN CALL"},"content":{"rendered":"\t\t<div data-elementor-type=\"wp-page\" data-elementor-id=\"3703\" class=\"elementor elementor-3703\" data-elementor-post-type=\"page\">\n\t\t\t\t\t\t<section class=\"elementor-section elementor-top-section elementor-element elementor-element-4365850 elementor-section-boxed elementor-section-height-default elementor-section-height-default\" data-id=\"4365850\" data-element_type=\"section\" data-e-type=\"section\">\n\t\t\t\t\t\t<div class=\"elementor-container elementor-column-gap-default\">\n\t\t\t\t\t<div class=\"elementor-column elementor-col-100 elementor-top-column elementor-element elementor-element-6eb8516\" data-id=\"6eb8516\" data-element_type=\"column\" data-e-type=\"column\">\n\t\t\t<div class=\"elementor-widget-wrap elementor-element-populated\">\n\t\t\t\t\t\t<div class=\"elementor-element elementor-element-91fbc97 elementor-widget-divider--view-line elementor-widget elementor-widget-divider\" data-id=\"91fbc97\" data-element_type=\"widget\" data-e-type=\"widget\" data-widget_type=\"divider.default\">\n\t\t\t\t<div class=\"elementor-widget-container\">\n\t\t\t\t\t\t\t<div class=\"elementor-divider\">\n\t\t\t<span class=\"elementor-divider-separator\">\n\t\t\t\t\t\t<\/span>\n\t\t<\/div>\n\t\t\t\t\t\t<\/div>\n\t\t\t\t<\/div>\n\t\t\t\t<div class=\"elementor-element elementor-element-a0a43cb elementor-widget elementor-widget-heading\" data-id=\"a0a43cb\" data-element_type=\"widget\" data-e-type=\"widget\" data-widget_type=\"heading.default\">\n\t\t\t\t<div class=\"elementor-widget-container\">\n\t\t\t\t\t<h2 class=\"elementor-heading-title elementor-size-default\">BILP \u2013 Open Call<br>Artistic Residencies<\/h2>\t\t\t\t<\/div>\n\t\t\t\t<\/div>\n\t\t\t\t\t<\/div>\n\t\t<\/div>\n\t\t\t\t\t<\/div>\n\t\t<\/section>\n\t\t\t\t<section class=\"elementor-section elementor-top-section elementor-element elementor-element-708a61c elementor-section-boxed elementor-section-height-default elementor-section-height-default\" data-id=\"708a61c\" data-element_type=\"section\" data-e-type=\"section\">\n\t\t\t\t\t\t<div class=\"elementor-container elementor-column-gap-default\">\n\t\t\t\t\t<div class=\"elementor-column elementor-col-100 elementor-top-column elementor-element elementor-element-8f2e479\" data-id=\"8f2e479\" data-element_type=\"column\" data-e-type=\"column\">\n\t\t\t<div class=\"elementor-widget-wrap elementor-element-populated\">\n\t\t\t\t\t\t<div class=\"elementor-element elementor-element-1b6fa9c elementor-widget-divider--view-line elementor-widget elementor-widget-divider\" data-id=\"1b6fa9c\" data-element_type=\"widget\" data-e-type=\"widget\" data-widget_type=\"divider.default\">\n\t\t\t\t<div class=\"elementor-widget-container\">\n\t\t\t\t\t\t\t<div class=\"elementor-divider\">\n\t\t\t<span class=\"elementor-divider-separator\">\n\t\t\t\t\t\t<\/span>\n\t\t<\/div>\n\t\t\t\t\t\t<\/div>\n\t\t\t\t<\/div>\n\t\t\t\t<div class=\"elementor-element elementor-element-1b92511 elementor-widget elementor-widget-text-editor\" data-id=\"1b92511\" data-element_type=\"widget\" data-e-type=\"widget\" data-widget_type=\"text-editor.default\">\n\t\t\t\t<div class=\"elementor-widget-container\">\n\t\t\t\t\t\t\t\t\t<p>Contextile at BILP 2023 \u2013 <em>Biennale <\/em>internationale <em>du lin <\/em>de Portneuf | Contemporary textile art<br \/>From June 18 to October 1, 2023 | Deschambault-Grondines \/ Qu\u00e9bec<br \/>10th edition directed by Dominique Roy<\/p><p>BILP \u2013 Biennale internationale du lin de Portneuf, already has a relevant history of partnership with Contextile \u2013 Bienal de Arte T\u00eaxtil Contempor\u00e2nea (2016), which involves the exchange of artists between biennials through the realization of artistic residencies both in Canada (Qu\u00e9bec) or in Portugal (Guimar\u00e3es).<\/p><p>The artistic work resulting from the residencies is always integrated into the exhibitions of both biennials.<\/p><p>Therefore, and in view of the selection of <u>2 Portuguese and\/or foreign artists residing in Portugal<\/u>, we would like to invite you to submit your CV and Portfolio (in English) and an draft of a Proposal for an artistic project that considers the Theme of the biennial and the intrinsic desire of the artist.<\/p><p>Application: Until January 26 2023<\/p>\t\t\t\t\t\t\t\t<\/div>\n\t\t\t\t<\/div>\n\t\t\t\t<div class=\"elementor-element elementor-element-00f55c0 elementor-widget-divider--view-line elementor-widget elementor-widget-divider\" data-id=\"00f55c0\" data-element_type=\"widget\" data-e-type=\"widget\" data-widget_type=\"divider.default\">\n\t\t\t\t<div class=\"elementor-widget-container\">\n\t\t\t\t\t\t\t<div class=\"elementor-divider\">\n\t\t\t<span class=\"elementor-divider-separator\">\n\t\t\t\t\t\t<\/span>\n\t\t<\/div>\n\t\t\t\t\t\t<\/div>\n\t\t\t\t<\/div>\n\t\t\t\t<div class=\"elementor-element elementor-element-eb4691e elementor-widget elementor-widget-text-editor\" data-id=\"eb4691e\" data-element_type=\"widget\" data-e-type=\"widget\" data-widget_type=\"text-editor.default\">\n\t\t\t\t<div class=\"elementor-widget-container\">\n\t\t\t\t\t\t\t\t\t<p><span style=\"font-weight: bold;\">Tema da BILP 2023:<\/span><\/p><h2 style=\"letter-spacing: normal;\">NO FIXED ABODE<\/h2><p>People without a fixed address are generally perceived to be victims of a personal or collective disaster which forces them in a situation of social exclusion. Being homeless is synonymous with failure, poverty, and abandonment.<\/p><p>Surprisingly, when one relates the lack of a permanent residence with nomadism, the condition of \u201cno fixed abode\u201d takes on an air of freedom. We can indeed associate the nomadic life with that of a willing vagrant, a globetrotter free from any constraints of place and occupation.<\/p><p><span style=\"font-family: var( --e-global-typography-text-font-family ), Sans-serif; background-color: var(--nv-site-bg); letter-spacing: 0px; color: #000000; font-size: medium;\"><span lang=\"EN-GB\" style=\"font-size: 12pt; font-family: Arial, sans-serif;\"><b>Artistas (in residency) will be responsible for:<br \/><\/b><\/span><\/span><\/p><ul><li><span style=\"font-family: Arial, sans-serif; color: #000000; font-size: 12pt; font-weight: var( --e-global-typography-text-font-weight ); background-color: var(--nv-site-bg); letter-spacing: 0px;\">Creating and producing 1 or more works of textile art (with reference to linen) in a thematic context and in situ. The work will be presented at the BILP exhibition, opening on June 18, 2023;<\/span><\/li><li><span style=\"background-color: var(--nv-site-bg); font-family: Arial, sans-serif; font-size: 12pt; font-weight: var( --e-global-typography-text-font-weight ); letter-spacing: 0px; color: #000000;\">Assigning the rights to reproduce images of the work for promotion and dissemination purposes.<\/span><\/li><\/ul><p>\u00a0<\/p><p><span style=\"background-color: var(--nv-site-bg); letter-spacing: 0px; font-weight: bold; font-family: var( --e-global-typography-text-font-family ), Sans-serif; color: var( --e-global-color-text );\">A organiza\u00e7\u00e3o ser\u00e1 respons\u00e1vel por:<\/span><\/p><ul><li><span lang=\"EN-GB\" style=\"font-family: Arial, sans-serif;\">Providing a fee of \u20ac700 to each artist;<\/span><\/li><li><span lang=\"EN-GB\" style=\"font-family: Arial, sans-serif;\">Paying up to \u20ac200 for the production and development of the work (materials, &#8230;);<\/span><\/li><li><span lang=\"EN-GB\" style=\"font-family: Arial, sans-serif;\">Providing materials and equipment for the installation of the work at the exhibition site (Qu\u00e9bec);<\/span><\/li><li><span lang=\"EN-GB\" style=\"font-family: Arial, sans-serif;\">Assuming the travel + lodging + food;<\/span><\/li><li><span lang=\"EN-GB\" style=\"font-family: Arial, sans-serif;\">Assuming the transport of the works to Portugal.<\/span><\/li><\/ul><p>\u00a0<\/p><p style=\"margin: 0cm; font-size: 12pt; font-family: 'Times New Roman', serif; color: #000000;\"><b><span lang=\"EN-GB\" style=\"font-family: Arial, sans-serif;\">Calendar<\/span><\/b><\/p><p style=\"margin: 0cm; font-size: 12pt; font-family: 'Times New Roman', serif; color: #000000;\"><b><span lang=\"EN-GB\" style=\"font-family: Arial, sans-serif;\">\u00a0<\/span><\/b><\/p><p style=\"margin: 0cm; font-size: 12pt; font-family: 'Times New Roman', serif; color: #000000;\"><span lang=\"EN-GB\" style=\"font-family: Arial, sans-serif;\">Until February 3 \u2013 Selection of the 2 Portuguese artists<\/span><\/p><p style=\"margin: 0cm; font-size: 12pt; font-family: 'Times New Roman', serif; color: #000000;\"><span lang=\"EN-GB\" style=\"font-family: Arial, sans-serif;\">March 1 \u2013 contract + (beginning of meetings between the curators and the artists; sharing of information)<\/span><\/p><p style=\"margin: 0cm; font-size: 12pt; font-family: 'Times New Roman', serif; color: #000000;\"><span lang=\"EN-GB\" style=\"font-family: Arial, sans-serif;\">April \u2013 Development of concept and project<\/span><\/p><p style=\"margin: 0cm; font-size: 12pt; font-family: 'Times New Roman', serif; color: #000000;\"><span lang=\"EN-GB\" style=\"font-family: Arial, sans-serif;\">May 7 \u2013 Departure<\/span><\/p><p style=\"margin: 0cm; font-size: 12pt; font-family: 'Times New Roman', serif; color: #000000;\"><span lang=\"EN-GB\" style=\"font-family: Arial, sans-serif;\">May 8 to June17 \u2013 Artistic residencies \/ Deschambault-Grondines<\/span><\/p><p style=\"margin: 0cm; font-size: 12pt; font-family: 'Times New Roman', serif; color: #000000;\"><span lang=\"EN-GB\" style=\"font-family: Arial, sans-serif;\">June 18 \u2013 Opening<\/span><\/p><p style=\"margin: 0cm; font-size: 12pt; font-family: 'Times New Roman', serif; color: #000000;\"><span lang=\"EN-GB\" style=\"font-family: Arial, sans-serif;\">June 20 \u2013 Return<\/span><\/p><p>\u00a0<\/p><p><b style=\"font-family: var( --e-global-typography-text-font-family ), Sans-serif; letter-spacing: 0px; background-color: var(--nv-site-bg); color: #000000; font-size: medium;\"><span lang=\"EN-GB\" style=\"font-size: 12pt; font-family: Arial, sans-serif;\">More information about the biennal<\/span><\/b><span style=\"color: var( --e-global-color-text ); font-family: var( --e-global-typography-text-font-family ), Sans-serif; background-color: var(--nv-site-bg); letter-spacing: 0px; font-weight: bold;\">:<\/span><\/p><p><span style=\"background-color: var(--nv-site-bg); color: var( --e-global-color-text ); font-family: var( --e-global-typography-text-font-family ), Sans-serif; font-weight: var( --e-global-typography-text-font-weight ); letter-spacing: 0px;\">https:\/\/biennaledulin.com<\/span><\/p><p><b style=\"font-family: var( --e-global-typography-text-font-family ), Sans-serif; background-color: var(--nv-site-bg); letter-spacing: 0px; color: #000000; font-size: medium;\"><span lang=\"EN-GB\" style=\"font-size: 12pt; font-family: Arial, sans-serif;\">Applications until January 26 to<\/span><\/b><span style=\"font-weight: bold;\">:<br \/><\/span><span style=\"color: var( --e-global-color-text ); font-family: var( --e-global-typography-text-font-family ), Sans-serif; font-weight: var( --e-global-typography-text-font-weight ); background-color: var(--nv-site-bg); letter-spacing: 0px;\">bienal@contextile.pt<\/span><\/p><p>\u00a0<\/p><p>\u00a0<\/p>\t\t\t\t\t\t\t\t<\/div>\n\t\t\t\t<\/div>\n\t\t\t\t\t<\/div>\n\t\t<\/div>\n\t\t\t\t\t<\/div>\n\t\t<\/section>\n\t\t\t\t<\/div>\n\t\t","protected":false},"excerpt":{"rendered":"<p>BILP \u2013 Open CallArtistic Residencies Contextile at BILP 2023 \u2013 Biennale internationale du lin de Portneuf | Contemporary textile artFrom June 18 to October 1, 2023 | Deschambault-Grondines \/ Qu\u00e9bec10th edition directed by Dominique Roy BILP \u2013 Biennale internationale du lin de Portneuf, already has a relevant history of partnership with Contextile \u2013 Bienal de&hellip;&nbsp;<a href=\"https:\/\/contextile.pt\/en\/bilp-open-call\/\" class=\"\" rel=\"bookmark\">Read More &raquo;<span class=\"screen-reader-text\">BILP OPEN CALL<\/span><\/a><\/p>\n","protected":false},"author":1,"featured_media":0,"parent":0,"menu_order":0,"comment_status":"closed","ping_status":"closed","template":"page-templates\/template-pagebuilder-full-width.php","meta":{"neve_meta_sidebar":"full-width","neve_meta_container":"","neve_meta_enable_content_width":"on","neve_meta_content_width":100,"neve_meta_title_alignment":"","neve_meta_author_avatar":"","neve_post_elements_order":"","neve_meta_disable_header":"","neve_meta_disable_footer":"","neve_meta_disable_title":"","_themeisle_gutenberg_block_has_review":false,"footnotes":""},"class_list":["post-3703","page","type-page","status-publish","hentry"],"_links":{"self":[{"href":"https:\/\/contextile.pt\/en\/wp-json\/wp\/v2\/pages\/3703","targetHints":{"allow":["GET"]}}],"collection":[{"href":"https:\/\/contextile.pt\/en\/wp-json\/wp\/v2\/pages"}],"about":[{"href":"https:\/\/contextile.pt\/en\/wp-json\/wp\/v2\/types\/page"}],"author":[{"embeddable":true,"href":"https:\/\/contextile.pt\/en\/wp-json\/wp\/v2\/users\/1"}],"replies":[{"embeddable":true,"href":"https:\/\/contextile.pt\/en\/wp-json\/wp\/v2\/comments?post=3703"}],"version-history":[{"count":7,"href":"https:\/\/contextile.pt\/en\/wp-json\/wp\/v2\/pages\/3703\/revisions"}],"predecessor-version":[{"id":3713,"href":"https:\/\/contextile.pt\/en\/wp-json\/wp\/v2\/pages\/3703\/revisions\/3713"}],"wp:attachment":[{"href":"https:\/\/contextile.pt\/en\/wp-json\/wp\/v2\/media?parent=3703"}],"curies":[{"name":"wp","href":"https:\/\/api.w.org\/{rel}","templated":true}]}}