{"id":4408,"date":"2023-09-14T16:57:59","date_gmt":"2023-09-14T15:57:59","guid":{"rendered":"https:\/\/contextile.pt\/en\/?page_id=4408"},"modified":"2024-03-10T00:36:11","modified_gmt":"2024-03-10T00:36:11","slug":"contextile-2024-open-call","status":"publish","type":"page","link":"https:\/\/contextile.pt\/en\/contextile-2024-open-call\/","title":{"rendered":"Contextile 2024 \u2013 Open Call"},"content":{"rendered":"\t\t<div data-elementor-type=\"wp-page\" data-elementor-id=\"4408\" class=\"elementor elementor-4408\" data-elementor-post-type=\"page\">\n\t\t\t\t\t\t<section class=\"elementor-section elementor-top-section elementor-element elementor-element-9e549e9 elementor-section-boxed elementor-section-height-default elementor-section-height-default\" data-id=\"9e549e9\" data-element_type=\"section\" data-e-type=\"section\">\n\t\t\t\t\t\t<div class=\"elementor-container elementor-column-gap-default\">\n\t\t\t\t\t<div class=\"elementor-column elementor-col-100 elementor-top-column elementor-element elementor-element-64231ff\" data-id=\"64231ff\" data-element_type=\"column\" data-e-type=\"column\">\n\t\t\t<div class=\"elementor-widget-wrap elementor-element-populated\">\n\t\t\t\t\t\t<div class=\"elementor-element elementor-element-003b43f elementor-widget elementor-widget-spacer\" data-id=\"003b43f\" data-element_type=\"widget\" data-e-type=\"widget\" data-widget_type=\"spacer.default\">\n\t\t\t\t<div class=\"elementor-widget-container\">\n\t\t\t\t\t\t\t<div class=\"elementor-spacer\">\n\t\t\t<div class=\"elementor-spacer-inner\"><\/div>\n\t\t<\/div>\n\t\t\t\t\t\t<\/div>\n\t\t\t\t<\/div>\n\t\t\t\t<div class=\"elementor-element elementor-element-4b1bfe5 elementor-widget-divider--view-line elementor-widget elementor-widget-divider\" data-id=\"4b1bfe5\" data-element_type=\"widget\" data-e-type=\"widget\" data-widget_type=\"divider.default\">\n\t\t\t\t<div class=\"elementor-widget-container\">\n\t\t\t\t\t\t\t<div class=\"elementor-divider\">\n\t\t\t<span class=\"elementor-divider-separator\">\n\t\t\t\t\t\t<\/span>\n\t\t<\/div>\n\t\t\t\t\t\t<\/div>\n\t\t\t\t<\/div>\n\t\t\t\t<div class=\"elementor-element elementor-element-4abac20 elementor-widget elementor-widget-spacer\" data-id=\"4abac20\" data-element_type=\"widget\" data-e-type=\"widget\" data-widget_type=\"spacer.default\">\n\t\t\t\t<div class=\"elementor-widget-container\">\n\t\t\t\t\t\t\t<div class=\"elementor-spacer\">\n\t\t\t<div class=\"elementor-spacer-inner\"><\/div>\n\t\t<\/div>\n\t\t\t\t\t\t<\/div>\n\t\t\t\t<\/div>\n\t\t\t\t<div class=\"elementor-element elementor-element-b568496 elementor-widget elementor-widget-heading\" data-id=\"b568496\" data-element_type=\"widget\" data-e-type=\"widget\" data-widget_type=\"heading.default\">\n\t\t\t\t<div class=\"elementor-widget-container\">\n\t\t\t\t\t<h2 class=\"elementor-heading-title elementor-size-default\">OPEN CALL<br>\nINTERNATIONAL EXHIBITION<\/h2>\t\t\t\t<\/div>\n\t\t\t\t<\/div>\n\t\t\t\t<div class=\"elementor-element elementor-element-001379f elementor-widget-divider--view-line elementor-widget elementor-widget-divider\" data-id=\"001379f\" data-element_type=\"widget\" data-e-type=\"widget\" data-widget_type=\"divider.default\">\n\t\t\t\t<div class=\"elementor-widget-container\">\n\t\t\t\t\t\t\t<div class=\"elementor-divider\">\n\t\t\t<span class=\"elementor-divider-separator\">\n\t\t\t\t\t\t<\/span>\n\t\t<\/div>\n\t\t\t\t\t\t<\/div>\n\t\t\t\t<\/div>\n\t\t\t\t\t<\/div>\n\t\t<\/div>\n\t\t\t\t\t<\/div>\n\t\t<\/section>\n\t\t\t\t<section class=\"elementor-section elementor-top-section elementor-element elementor-element-9208251 elementor-section-boxed elementor-section-height-default elementor-section-height-default\" data-id=\"9208251\" data-element_type=\"section\" data-e-type=\"section\">\n\t\t\t\t\t\t<div class=\"elementor-container elementor-column-gap-default\">\n\t\t\t\t\t<div class=\"elementor-column elementor-col-100 elementor-top-column elementor-element elementor-element-2298215\" data-id=\"2298215\" data-element_type=\"column\" data-e-type=\"column\">\n\t\t\t<div class=\"elementor-widget-wrap elementor-element-populated\">\n\t\t\t\t\t\t<div class=\"elementor-element elementor-element-d4c388c elementor-widget__width-initial elementor-widget elementor-widget-text-editor\" data-id=\"d4c388c\" data-element_type=\"widget\" data-e-type=\"widget\" data-widget_type=\"text-editor.default\">\n\t\t\t\t<div class=\"elementor-widget-container\">\n\t\t\t\t\t\t\t\t\t<p>CONTEXTILE invites all artists (national and international) to present artworks to the competition for the International Exhibition, as part of the programme of its 7th Edition, <b>Contextile 2024 &#8211; Contemporary Textile Art Biennial<\/b>, to be held in the city of Guimar\u00e3es, Portugal, from the 7th September to the 15th December 2024.<\/p><p>In 2024, the Contextile biennial focuses its activities on the thematic concept <b><a href=\"https:\/\/contextile.pt\/en\/contextile-2024-theme\/\">To TOUCH<\/a><\/b>, transversal to all the rubrics of its programmatic contents (<i>click the link to consult the thematic concept in the Biennial\u2019s presentation text<\/i>).<\/p><p>The International Exhibition will be composed by 50 artworks from 50 artists, 45 of these works will be selected for exhibition indoors and 5 works for outdoors (public space).<\/p><p>The artistic works will be selected by an international jury, composed by <a href=\"https:\/\/www.instagram.com\/laladedios5\/\">Lala de Dios<\/a> (art historian, curator and teacher of textile), <u>Janis Jefferies<\/u> (Emeritus professor of visual arts and curator), <a href=\"https:\/\/www.facebook.com\/magda.sobon.39\">Magda Sobo\u0144<\/a> (textile artist and visual arts teacher), <a href=\"https:\/\/www.instagram.com\/_steiler\/\">Cindy Steiler<\/a> (visual artist), <a href=\"https:\/\/www.instagram.com\/claudia_santos_melo\/\">Cl\u00e1udia Melo<\/a> (artistic director of Contextile 2024).<\/p><p>The jury will also award an Acquisition Prize of \u20ac7.000,00 (seven thousand Euros) and two Honourable Mentions\u00a0 with prizes award (<i>see selection process of the Regulations<\/i>), at the moment of the biennial\u2019s opening.<\/p><p>The 50 works of the international exhibition may also be selected, during the biennial, for the\u00a0<a href=\"https:\/\/atp.pt\/en\/\" target=\"_blank\" rel=\"noopener\">ATP \u2013 Associa\u00e7\u00e3o T\u00eaxtil e Vestu\u00e1rio de Portugal<\/a>\u00a0Acquisition prize , in the amount of \u20ac2.500,00 euros.<\/p><p>The interested artists may apply with new creations or recent artworks, until the 8th March 2024, being accepted all artistic expressions in the visual arts disciplines. The proposals and artworks submitted for the competition will have to be around the textile element, through its concept, theme, techniques or materials.\u00a0<\/p><p><span style=\"color: var( --e-global-color-text ); font-family: var( --e-global-typography-text-font-family ), Sans-serif; font-weight: var( --e-global-typography-text-font-weight ); background-color: var(--nv-site-bg); letter-spacing: 0px;\">The artworks will have to be highly creative, original, technically competent and relate to the theme and concept of this 7th edition.<\/span><\/p><p><span style=\"background-color: var(--nv-site-bg); letter-spacing: 0px; font-weight: var( --e-global-typography-text-font-weight ); font-family: var( --e-global-typography-text-font-family ), Sans-serif; color: var( --e-global-color-text );\">The application will only be considered finalized and validated after payment of the registration fee: \u20ac10 (EUR) \/ $11 (U.S.Dolars)<\/span><\/p><p><span style=\"color: var( --e-global-color-text ); font-family: var( --e-global-typography-text-font-family ), Sans-serif; font-weight: var( --e-global-typography-text-font-weight ); background-color: var(--nv-site-bg); letter-spacing: 0px;\">\u00a0<\/span><\/p><div>\u00a0<\/div>\t\t\t\t\t\t\t\t<\/div>\n\t\t\t\t<\/div>\n\t\t\t\t<div class=\"elementor-element elementor-element-689a613 elementor-widget-divider--view-line elementor-widget elementor-widget-divider\" data-id=\"689a613\" data-element_type=\"widget\" data-e-type=\"widget\" data-widget_type=\"divider.default\">\n\t\t\t\t<div class=\"elementor-widget-container\">\n\t\t\t\t\t\t\t<div class=\"elementor-divider\">\n\t\t\t<span class=\"elementor-divider-separator\">\n\t\t\t\t\t\t<\/span>\n\t\t<\/div>\n\t\t\t\t\t\t<\/div>\n\t\t\t\t<\/div>\n\t\t\t\t\t<\/div>\n\t\t<\/div>\n\t\t\t\t\t<\/div>\n\t\t<\/section>\n\t\t\t\t<section class=\"elementor-section elementor-top-section elementor-element elementor-element-aea7474 elementor-section-boxed elementor-section-height-default elementor-section-height-default\" data-id=\"aea7474\" data-element_type=\"section\" data-e-type=\"section\">\n\t\t\t\t\t\t<div class=\"elementor-container elementor-column-gap-default\">\n\t\t\t\t\t<div class=\"elementor-column elementor-col-100 elementor-top-column elementor-element elementor-element-1aceaff\" data-id=\"1aceaff\" data-element_type=\"column\" data-e-type=\"column\">\n\t\t\t<div class=\"elementor-widget-wrap elementor-element-populated\">\n\t\t\t\t\t\t<div class=\"elementor-element elementor-element-1810a91 elementor-widget elementor-widget-text-editor\" data-id=\"1810a91\" data-element_type=\"widget\" data-e-type=\"widget\" data-widget_type=\"text-editor.default\">\n\t\t\t\t<div class=\"elementor-widget-container\">\n\t\t\t\t\t\t\t\t\t<p style=\"text-align: center;\"><b>IIMPORTANT NOTE<\/b><\/p><p style=\"text-align: center;\"><span style=\"color: var( --e-global-color-text ); font-family: var( --e-global-typography-text-font-family ), Sans-serif; font-weight: var( --e-global-typography-text-font-weight ); background-color: var(--nv-site-bg); letter-spacing: 0px;\">Deadline for submitting an application:\u00a0<\/span><\/p><p style=\"text-align: center;\"><span style=\"color: var( --e-global-color-text ); font-family: var( --e-global-typography-text-font-family ), Sans-serif; font-weight: var( --e-global-typography-text-font-weight ); background-color: var(--nv-site-bg); letter-spacing: 0px;\">March 8, 2024.<\/span><\/p>\t\t\t\t\t\t\t\t<\/div>\n\t\t\t\t<\/div>\n\t\t\t\t\t<\/div>\n\t\t<\/div>\n\t\t\t\t\t<\/div>\n\t\t<\/section>\n\t\t\t\t<section class=\"elementor-section elementor-top-section elementor-element elementor-element-ea4840c elementor-section-boxed elementor-section-height-default elementor-section-height-default\" data-id=\"ea4840c\" data-element_type=\"section\" data-e-type=\"section\">\n\t\t\t\t\t\t<div class=\"elementor-container elementor-column-gap-default\">\n\t\t\t\t\t<div class=\"elementor-column elementor-col-100 elementor-top-column elementor-element elementor-element-f7fef53\" data-id=\"f7fef53\" data-element_type=\"column\" data-e-type=\"column\">\n\t\t\t<div class=\"elementor-widget-wrap elementor-element-populated\">\n\t\t\t\t\t\t<div class=\"elementor-element elementor-element-d78da98 elementor-widget elementor-widget-spacer\" data-id=\"d78da98\" data-element_type=\"widget\" data-e-type=\"widget\" data-widget_type=\"spacer.default\">\n\t\t\t\t<div class=\"elementor-widget-container\">\n\t\t\t\t\t\t\t<div class=\"elementor-spacer\">\n\t\t\t<div class=\"elementor-spacer-inner\"><\/div>\n\t\t<\/div>\n\t\t\t\t\t\t<\/div>\n\t\t\t\t<\/div>\n\t\t\t\t\t<\/div>\n\t\t<\/div>\n\t\t\t\t\t<\/div>\n\t\t<\/section>\n\t\t\t\t<section class=\"elementor-section elementor-top-section elementor-element elementor-element-813e31a elementor-section-boxed elementor-section-height-default elementor-section-height-default\" data-id=\"813e31a\" data-element_type=\"section\" data-e-type=\"section\">\n\t\t\t\t\t\t<div class=\"elementor-container elementor-column-gap-default\">\n\t\t\t\t\t<div class=\"elementor-column elementor-col-100 elementor-top-column elementor-element elementor-element-498cc00\" data-id=\"498cc00\" data-element_type=\"column\" data-e-type=\"column\">\n\t\t\t<div class=\"elementor-widget-wrap elementor-element-populated\">\n\t\t\t\t\t\t<div class=\"elementor-element elementor-element-270a9ea elementor-widget elementor-widget-spacer\" data-id=\"270a9ea\" data-element_type=\"widget\" data-e-type=\"widget\" data-widget_type=\"spacer.default\">\n\t\t\t\t<div class=\"elementor-widget-container\">\n\t\t\t\t\t\t\t<div class=\"elementor-spacer\">\n\t\t\t<div class=\"elementor-spacer-inner\"><\/div>\n\t\t<\/div>\n\t\t\t\t\t\t<\/div>\n\t\t\t\t<\/div>\n\t\t\t\t\t<\/div>\n\t\t<\/div>\n\t\t\t\t\t<\/div>\n\t\t<\/section>\n\t\t\t\t<\/div>\n\t\t","protected":false},"excerpt":{"rendered":"<p>OPEN CALL INTERNATIONAL EXHIBITION CONTEXTILE invites all artists (national and international) to present artworks to the competition for the International Exhibition, as part of the programme of its 7th Edition, Contextile 2024 &#8211; Contemporary Textile Art Biennial, to be held in the city of Guimar\u00e3es, Portugal, from the 7th September to the 15th December 2024.&hellip;&nbsp;<a href=\"https:\/\/contextile.pt\/en\/contextile-2024-open-call\/\" class=\"\" rel=\"bookmark\">Read More &raquo;<span class=\"screen-reader-text\">Contextile 2024 \u2013 Open Call<\/span><\/a><\/p>\n","protected":false},"author":1,"featured_media":0,"parent":0,"menu_order":0,"comment_status":"closed","ping_status":"closed","template":"page-templates\/template-pagebuilder-full-width.php","meta":{"neve_meta_sidebar":"full-width","neve_meta_container":"","neve_meta_enable_content_width":"on","neve_meta_content_width":100,"neve_meta_title_alignment":"","neve_meta_author_avatar":"","neve_post_elements_order":"","neve_meta_disable_header":"","neve_meta_disable_footer":"","neve_meta_disable_title":"","_themeisle_gutenberg_block_has_review":false,"footnotes":""},"class_list":["post-4408","page","type-page","status-publish","hentry"],"_links":{"self":[{"href":"https:\/\/contextile.pt\/en\/wp-json\/wp\/v2\/pages\/4408","targetHints":{"allow":["GET"]}}],"collection":[{"href":"https:\/\/contextile.pt\/en\/wp-json\/wp\/v2\/pages"}],"about":[{"href":"https:\/\/contextile.pt\/en\/wp-json\/wp\/v2\/types\/page"}],"author":[{"embeddable":true,"href":"https:\/\/contextile.pt\/en\/wp-json\/wp\/v2\/users\/1"}],"replies":[{"embeddable":true,"href":"https:\/\/contextile.pt\/en\/wp-json\/wp\/v2\/comments?post=4408"}],"version-history":[{"count":110,"href":"https:\/\/contextile.pt\/en\/wp-json\/wp\/v2\/pages\/4408\/revisions"}],"predecessor-version":[{"id":6375,"href":"https:\/\/contextile.pt\/en\/wp-json\/wp\/v2\/pages\/4408\/revisions\/6375"}],"wp:attachment":[{"href":"https:\/\/contextile.pt\/en\/wp-json\/wp\/v2\/media?parent=4408"}],"curies":[{"name":"wp","href":"https:\/\/api.w.org\/{rel}","templated":true}]}}