{"id":6390,"date":"2024-04-16T22:18:26","date_gmt":"2024-04-16T21:18:26","guid":{"rendered":"https:\/\/contextile.pt\/en\/?page_id=6390"},"modified":"2024-09-27T17:07:42","modified_gmt":"2024-09-27T16:07:42","slug":"selected_artists_2024","status":"publish","type":"page","link":"https:\/\/contextile.pt\/en\/selected_artists_2024\/","title":{"rendered":"Selected Artists 2024"},"content":{"rendered":"\t\t<div data-elementor-type=\"wp-page\" data-elementor-id=\"6390\" class=\"elementor elementor-6390\" data-elementor-post-type=\"page\">\n\t\t\t\t\t\t<section class=\"elementor-section elementor-top-section elementor-element elementor-element-99df381 elementor-section-boxed elementor-section-height-default elementor-section-height-default\" data-id=\"99df381\" data-element_type=\"section\" data-e-type=\"section\" data-settings=\"{&quot;background_background&quot;:&quot;classic&quot;}\">\n\t\t\t\t\t\t<div class=\"elementor-container elementor-column-gap-default\">\n\t\t\t\t\t<div class=\"elementor-column elementor-col-100 elementor-top-column elementor-element elementor-element-b38c989\" data-id=\"b38c989\" data-element_type=\"column\" data-e-type=\"column\">\n\t\t\t<div class=\"elementor-widget-wrap elementor-element-populated\">\n\t\t\t\t\t\t<div class=\"elementor-element elementor-element-9b95ed6 elementor-widget elementor-widget-spacer\" data-id=\"9b95ed6\" data-element_type=\"widget\" data-e-type=\"widget\" data-widget_type=\"spacer.default\">\n\t\t\t\t<div class=\"elementor-widget-container\">\n\t\t\t\t\t\t\t<div class=\"elementor-spacer\">\n\t\t\t<div class=\"elementor-spacer-inner\"><\/div>\n\t\t<\/div>\n\t\t\t\t\t\t<\/div>\n\t\t\t\t<\/div>\n\t\t\t\t<div class=\"elementor-element elementor-element-79db74e elementor-widget elementor-widget-spacer\" data-id=\"79db74e\" data-element_type=\"widget\" data-e-type=\"widget\" data-widget_type=\"spacer.default\">\n\t\t\t\t<div class=\"elementor-widget-container\">\n\t\t\t\t\t\t\t<div class=\"elementor-spacer\">\n\t\t\t<div class=\"elementor-spacer-inner\"><\/div>\n\t\t<\/div>\n\t\t\t\t\t\t<\/div>\n\t\t\t\t<\/div>\n\t\t\t\t<div class=\"elementor-element elementor-element-8631c1d elementor-widget elementor-widget-heading\" data-id=\"8631c1d\" data-element_type=\"widget\" data-e-type=\"widget\" data-widget_type=\"heading.default\">\n\t\t\t\t<div class=\"elementor-widget-container\">\n\t\t\t\t\t<h2 class=\"elementor-heading-title elementor-size-default\">INTERNATIONAL <br>EXHIBITION<\/h2>\t\t\t\t<\/div>\n\t\t\t\t<\/div>\n\t\t\t\t<div class=\"elementor-element elementor-element-0d57d2b elementor-widget elementor-widget-spacer\" data-id=\"0d57d2b\" data-element_type=\"widget\" data-e-type=\"widget\" data-widget_type=\"spacer.default\">\n\t\t\t\t<div class=\"elementor-widget-container\">\n\t\t\t\t\t\t\t<div class=\"elementor-spacer\">\n\t\t\t<div class=\"elementor-spacer-inner\"><\/div>\n\t\t<\/div>\n\t\t\t\t\t\t<\/div>\n\t\t\t\t<\/div>\n\t\t\t\t\t<\/div>\n\t\t<\/div>\n\t\t\t\t\t<\/div>\n\t\t<\/section>\n\t\t\t\t<section class=\"elementor-section elementor-top-section elementor-element elementor-element-4541336 elementor-section-boxed elementor-section-height-default elementor-section-height-default\" data-id=\"4541336\" data-element_type=\"section\" data-e-type=\"section\">\n\t\t\t\t\t\t<div class=\"elementor-container elementor-column-gap-default\">\n\t\t\t\t\t<div class=\"elementor-column elementor-col-100 elementor-top-column elementor-element elementor-element-dfcbb10\" data-id=\"dfcbb10\" data-element_type=\"column\" data-e-type=\"column\">\n\t\t\t<div class=\"elementor-widget-wrap elementor-element-populated\">\n\t\t\t\t\t\t<div class=\"elementor-element elementor-element-bb0ca43 elementor-widget elementor-widget-spacer\" data-id=\"bb0ca43\" data-element_type=\"widget\" data-e-type=\"widget\" data-widget_type=\"spacer.default\">\n\t\t\t\t<div class=\"elementor-widget-container\">\n\t\t\t\t\t\t\t<div class=\"elementor-spacer\">\n\t\t\t<div class=\"elementor-spacer-inner\"><\/div>\n\t\t<\/div>\n\t\t\t\t\t\t<\/div>\n\t\t\t\t<\/div>\n\t\t\t\t<div class=\"elementor-element elementor-element-11e8ef1 elementor-widget__width-initial elementor-widget elementor-widget-text-editor\" data-id=\"11e8ef1\" data-element_type=\"widget\" data-e-type=\"widget\" data-widget_type=\"text-editor.default\">\n\t\t\t\t<div class=\"elementor-widget-container\">\n\t\t\t\t\t\t\t\t\t<p>Contextile 2024 &#8211; Contemporary Textile Art Biennial congratulates and thanks the <b>1.300 artists<\/b> (from <b>79 countries<\/b>) who submitted <b>1.505 artworks<\/b> for the International Exhibition competition.<\/p><p>The high number and quality of the works made it difficult for the jury, a multidisciplinary team composed by Lala de Dios (professor of Art and Textile History, curator), Janis Jefferies (emeritus professor of visual arts, curator, writer and artist), Cindy Steiler (textile artist), Magda Sobo\u0144\u00a0 (artist and art teacher), and Cl\u00e1udia Melo (artistic director of Contextile).<\/p><p>The Jury gathered in person on the 11th, 12th and 13th of April in Guimar\u00e3es, Portugal, and, after a long and challenging evaluation process, selected <b>57 works<\/b> by <b>50 artists<\/b> (from <b>29 countries<\/b>) according to the criteria of the call&#8217;s regulations (high creativity, originality and technical competence around the textile element, by its construction, theme or material used) as well as the Contextile 2024 concept: &#8220;TOUCH&#8221;.\u00a0 From the submitted proposals, artistic interventions were also selected to be presented in public spaces during the 7th edition of the Biennale of Contemporary Textile Art in 2024.<\/p><p>The Acquisition Prize and the Honourable Mentions of the International Exhibition will be awarded at the opening of Contextile 2024, scheduled for the 7th September in Guimar\u00e3es, Portugal.<\/p><p>\u00a0<\/p>\t\t\t\t\t\t\t\t<\/div>\n\t\t\t\t<\/div>\n\t\t\t\t\t<\/div>\n\t\t<\/div>\n\t\t\t\t\t<\/div>\n\t\t<\/section>\n\t\t\t\t<section class=\"elementor-section elementor-top-section elementor-element elementor-element-868d263 elementor-section-boxed elementor-section-height-default elementor-section-height-default\" data-id=\"868d263\" data-element_type=\"section\" data-e-type=\"section\">\n\t\t\t\t\t\t<div class=\"elementor-container elementor-column-gap-default\">\n\t\t\t\t\t<div class=\"elementor-column elementor-col-100 elementor-top-column elementor-element elementor-element-9e86988\" data-id=\"9e86988\" data-element_type=\"column\" data-e-type=\"column\">\n\t\t\t<div class=\"elementor-widget-wrap elementor-element-populated\">\n\t\t\t\t\t\t<div class=\"elementor-element elementor-element-2dee1e5 elementor-widget elementor-widget-html\" data-id=\"2dee1e5\" data-element_type=\"widget\" data-e-type=\"widget\" data-widget_type=\"html.default\">\n\t\t\t\t<div class=\"elementor-widget-container\">\n\t\t\t\t\t<a data-flickr-embed=\"true\" href=\"https:\/\/www.flickr.com\/photos\/contextile\/albums\/72177720320548890\" title=\"International Exhibition \u2013 Inauguration\"><img fetchpriority=\"high\" decoding=\"async\" src=\"https:\/\/live.staticflickr.com\/65535\/54017044756_03d835e014_h.jpg\" width=\"1600\" height=\"1200\" alt=\"International Exhibition \u2013 Inauguration\"\/><\/a><script async src=\"\/\/embedr.flickr.com\/assets\/client-code.js\" charset=\"utf-8\"><\/script>\t\t\t\t<\/div>\n\t\t\t\t<\/div>\n\t\t\t\t\t<\/div>\n\t\t<\/div>\n\t\t\t\t\t<\/div>\n\t\t<\/section>\n\t\t\t\t<section class=\"elementor-section elementor-top-section elementor-element elementor-element-a40c295 elementor-section-boxed elementor-section-height-default elementor-section-height-default\" data-id=\"a40c295\" data-element_type=\"section\" data-e-type=\"section\">\n\t\t\t\t\t\t<div class=\"elementor-container elementor-column-gap-default\">\n\t\t\t\t\t<div class=\"elementor-column elementor-col-100 elementor-top-column elementor-element elementor-element-63122fb\" data-id=\"63122fb\" data-element_type=\"column\" data-e-type=\"column\">\n\t\t\t<div class=\"elementor-widget-wrap elementor-element-populated\">\n\t\t\t\t\t\t<div class=\"elementor-element elementor-element-f9c8e67 elementor-widget-divider--view-line elementor-widget elementor-widget-divider\" data-id=\"f9c8e67\" data-element_type=\"widget\" data-e-type=\"widget\" data-widget_type=\"divider.default\">\n\t\t\t\t<div class=\"elementor-widget-container\">\n\t\t\t\t\t\t\t<div class=\"elementor-divider\">\n\t\t\t<span class=\"elementor-divider-separator\">\n\t\t\t\t\t\t<\/span>\n\t\t<\/div>\n\t\t\t\t\t\t<\/div>\n\t\t\t\t<\/div>\n\t\t\t\t<div class=\"elementor-element elementor-element-95fa661 elementor-widget elementor-widget-spacer\" data-id=\"95fa661\" data-element_type=\"widget\" data-e-type=\"widget\" data-widget_type=\"spacer.default\">\n\t\t\t\t<div class=\"elementor-widget-container\">\n\t\t\t\t\t\t\t<div class=\"elementor-spacer\">\n\t\t\t<div class=\"elementor-spacer-inner\"><\/div>\n\t\t<\/div>\n\t\t\t\t\t\t<\/div>\n\t\t\t\t<\/div>\n\t\t\t\t<div class=\"elementor-element elementor-element-1d354ce elementor-widget elementor-widget-heading\" data-id=\"1d354ce\" data-element_type=\"widget\" data-e-type=\"widget\" data-widget_type=\"heading.default\">\n\t\t\t\t<div class=\"elementor-widget-container\">\n\t\t\t\t\t<h2 class=\"elementor-heading-title elementor-size-default\">Selected Artists<\/h2>\t\t\t\t<\/div>\n\t\t\t\t<\/div>\n\t\t\t\t<div class=\"elementor-element elementor-element-812db81 elementor-widget-divider--view-line elementor-widget elementor-widget-divider\" data-id=\"812db81\" data-element_type=\"widget\" data-e-type=\"widget\" data-widget_type=\"divider.default\">\n\t\t\t\t<div class=\"elementor-widget-container\">\n\t\t\t\t\t\t\t<div class=\"elementor-divider\">\n\t\t\t<span class=\"elementor-divider-separator\">\n\t\t\t\t\t\t<\/span>\n\t\t<\/div>\n\t\t\t\t\t\t<\/div>\n\t\t\t\t<\/div>\n\t\t\t\t<div class=\"elementor-element elementor-element-d11a569 elementor-widget elementor-widget-text-editor\" data-id=\"d11a569\" data-element_type=\"widget\" data-e-type=\"widget\" data-widget_type=\"text-editor.default\">\n\t\t\t\t<div class=\"elementor-widget-container\">\n\t\t\t\t\t\t\t\t\t<p>57 works |\u00a0 50 artists | 29 countries<\/p>\t\t\t\t\t\t\t\t<\/div>\n\t\t\t\t<\/div>\n\t\t\t\t<div class=\"elementor-element elementor-element-c2471f2 elementor-widget-divider--view-line elementor-widget elementor-widget-divider\" data-id=\"c2471f2\" data-element_type=\"widget\" data-e-type=\"widget\" data-widget_type=\"divider.default\">\n\t\t\t\t<div class=\"elementor-widget-container\">\n\t\t\t\t\t\t\t<div class=\"elementor-divider\">\n\t\t\t<span class=\"elementor-divider-separator\">\n\t\t\t\t\t\t<\/span>\n\t\t<\/div>\n\t\t\t\t\t\t<\/div>\n\t\t\t\t<\/div>\n\t\t\t\t<section class=\"elementor-section elementor-inner-section elementor-element elementor-element-6484bf0 elementor-section-boxed elementor-section-height-default elementor-section-height-default\" data-id=\"6484bf0\" data-element_type=\"section\" data-e-type=\"section\">\n\t\t\t\t\t\t<div class=\"elementor-container elementor-column-gap-default\">\n\t\t\t\t\t<div class=\"elementor-column elementor-col-50 elementor-inner-column elementor-element elementor-element-2dfe6f0\" data-id=\"2dfe6f0\" data-element_type=\"column\" data-e-type=\"column\">\n\t\t\t<div class=\"elementor-widget-wrap elementor-element-populated\">\n\t\t\t\t\t\t<div class=\"elementor-element elementor-element-8290479 elementor-widget elementor-widget-text-editor\" data-id=\"8290479\" data-element_type=\"widget\" data-e-type=\"widget\" data-widget_type=\"text-editor.default\">\n\t\t\t\t<div class=\"elementor-widget-container\">\n\t\t\t\t\t\t\t\t\t<p>ALI<br>Ana Lima-Netto<br>Anastasia Carpio<br>Angelina Nogueira<br>Anna ILL<br>Anna Resei<br>Anne Marx<br>Antonia Alarc\u00f3n<br>Ant\u00f3nio Jorge<br>Ariana Macedo Dom\u00ednguez<br>Arnaud Cohen<br>Beatriz Pisa<br>Camilla Marinoni<br>Carlos Bautista Biernnay<br>Celia Eslava<br>Colectivo CONFUNDAMIENTO<br>Colette Boulet<br>Concei\u00e7\u00e3o Abreu<br>Consuelo Walker Guzma\u0301n<br>Daniele Davitti<br>Dominika Krogulska-Czekalska<br>EJTECH by Judit Eszter K\u00e1rp\u00e1ti &amp; Esteban de la Torre<br>Eleni Kindyni&nbsp;<br>Eli Eines<br>Emilia Cecylia Doma\u0144ska<\/p>\n<p><\/p>\t\t\t\t\t\t\t\t<\/div>\n\t\t\t\t<\/div>\n\t\t\t\t\t<\/div>\n\t\t<\/div>\n\t\t\t\t<div class=\"elementor-column elementor-col-50 elementor-inner-column elementor-element elementor-element-fa4886a\" data-id=\"fa4886a\" data-element_type=\"column\" data-e-type=\"column\">\n\t\t\t<div class=\"elementor-widget-wrap elementor-element-populated\">\n\t\t\t\t\t\t<div class=\"elementor-element elementor-element-0904bce elementor-widget elementor-widget-text-editor\" data-id=\"0904bce\" data-element_type=\"widget\" data-e-type=\"widget\" data-widget_type=\"text-editor.default\">\n\t\t\t\t<div class=\"elementor-widget-container\">\n\t\t\t\t\t\t\t\t\t<p>Estefan\u00eda Tarud<br \/>Frederick Bamfo<br \/>Giulia Spernazza<br \/>Graham Hollick<br \/>Hedvig Harmati<br \/>Henry Ortiz<br \/>Hsiao Ai Wang<br \/>Josipa Stefanec<br \/>Juliana Ribeiro<br \/>Kate Just<br \/>Katr\u012bna Leit\u0113na<br \/>Kayla Mattes<br \/>Kinga Fo\u0308ldi<br \/>Konrad Juscinski<br \/>Lara Salous<br \/>Laurita Siles<br \/>Lilia Ziamou<br \/>Lorenzo Vacirca &amp; Lorenzo Romaniello<br \/>Loreta S\u030cvaikauskiene\u0307<br \/>Maaike Gottschal<br \/>Neve Insular<br \/>Niina Hiltunen<br \/>Nikos Iosif<br \/>Nita Monteiro<br \/>Witinka Design by Zsuzsi Vinkler &amp; Katalin Pall<\/p>\t\t\t\t\t\t\t\t<\/div>\n\t\t\t\t<\/div>\n\t\t\t\t\t<\/div>\n\t\t<\/div>\n\t\t\t\t\t<\/div>\n\t\t<\/section>\n\t\t\t\t<div class=\"elementor-element elementor-element-196f9a0 elementor-widget-divider--view-line elementor-widget elementor-widget-divider\" data-id=\"196f9a0\" data-element_type=\"widget\" data-e-type=\"widget\" data-widget_type=\"divider.default\">\n\t\t\t\t<div class=\"elementor-widget-container\">\n\t\t\t\t\t\t\t<div class=\"elementor-divider\">\n\t\t\t<span class=\"elementor-divider-separator\">\n\t\t\t\t\t\t<\/span>\n\t\t<\/div>\n\t\t\t\t\t\t<\/div>\n\t\t\t\t<\/div>\n\t\t\t\t\t<\/div>\n\t\t<\/div>\n\t\t\t\t\t<\/div>\n\t\t<\/section>\n\t\t\t\t<section class=\"elementor-section elementor-top-section elementor-element elementor-element-7c4c62f elementor-section-boxed elementor-section-height-default elementor-section-height-default\" data-id=\"7c4c62f\" data-element_type=\"section\" data-e-type=\"section\">\n\t\t\t\t\t\t<div class=\"elementor-container elementor-column-gap-default\">\n\t\t\t\t\t<div class=\"elementor-column elementor-col-100 elementor-top-column elementor-element elementor-element-470b584\" data-id=\"470b584\" data-element_type=\"column\" data-e-type=\"column\">\n\t\t\t<div class=\"elementor-widget-wrap elementor-element-populated\">\n\t\t\t\t\t\t<div class=\"elementor-element elementor-element-8db7ff6 elementor-widget elementor-widget-spacer\" data-id=\"8db7ff6\" data-element_type=\"widget\" data-e-type=\"widget\" data-widget_type=\"spacer.default\">\n\t\t\t\t<div class=\"elementor-widget-container\">\n\t\t\t\t\t\t\t<div class=\"elementor-spacer\">\n\t\t\t<div class=\"elementor-spacer-inner\"><\/div>\n\t\t<\/div>\n\t\t\t\t\t\t<\/div>\n\t\t\t\t<\/div>\n\t\t\t\t\t<\/div>\n\t\t<\/div>\n\t\t\t\t\t<\/div>\n\t\t<\/section>\n\t\t\t\t<\/div>\n\t\t","protected":false},"excerpt":{"rendered":"<p>INTERNATIONAL EXHIBITION Contextile 2024 &#8211; Contemporary Textile Art Biennial congratulates and thanks the 1.300 artists (from 79 countries) who submitted 1.505 artworks for the International Exhibition competition. The high number and quality of the works made it difficult for the jury, a multidisciplinary team composed by Lala de Dios (professor of Art and Textile History,&hellip;&nbsp;<a href=\"https:\/\/contextile.pt\/en\/selected_artists_2024\/\" class=\"\" rel=\"bookmark\">Read More &raquo;<span class=\"screen-reader-text\">Selected Artists 2024<\/span><\/a><\/p>\n","protected":false},"author":1,"featured_media":0,"parent":0,"menu_order":0,"comment_status":"closed","ping_status":"closed","template":"page-templates\/template-pagebuilder-full-width.php","meta":{"neve_meta_sidebar":"full-width","neve_meta_container":"","neve_meta_enable_content_width":"on","neve_meta_content_width":100,"neve_meta_title_alignment":"","neve_meta_author_avatar":"","neve_post_elements_order":"","neve_meta_disable_header":"","neve_meta_disable_footer":"","neve_meta_disable_title":"","_themeisle_gutenberg_block_has_review":false,"footnotes":""},"class_list":["post-6390","page","type-page","status-publish","hentry"],"_links":{"self":[{"href":"https:\/\/contextile.pt\/en\/wp-json\/wp\/v2\/pages\/6390","targetHints":{"allow":["GET"]}}],"collection":[{"href":"https:\/\/contextile.pt\/en\/wp-json\/wp\/v2\/pages"}],"about":[{"href":"https:\/\/contextile.pt\/en\/wp-json\/wp\/v2\/types\/page"}],"author":[{"embeddable":true,"href":"https:\/\/contextile.pt\/en\/wp-json\/wp\/v2\/users\/1"}],"replies":[{"embeddable":true,"href":"https:\/\/contextile.pt\/en\/wp-json\/wp\/v2\/comments?post=6390"}],"version-history":[{"count":47,"href":"https:\/\/contextile.pt\/en\/wp-json\/wp\/v2\/pages\/6390\/revisions"}],"predecessor-version":[{"id":7745,"href":"https:\/\/contextile.pt\/en\/wp-json\/wp\/v2\/pages\/6390\/revisions\/7745"}],"wp:attachment":[{"href":"https:\/\/contextile.pt\/en\/wp-json\/wp\/v2\/media?parent=6390"}],"curies":[{"name":"wp","href":"https:\/\/api.w.org\/{rel}","templated":true}]}}