{"id":7854,"date":"2024-10-14T11:43:53","date_gmt":"2024-10-14T10:43:53","guid":{"rendered":"https:\/\/contextile.pt\/en\/?page_id=7854"},"modified":"2024-10-18T12:08:39","modified_gmt":"2024-10-18T11:08:39","slug":"textile-talks-hook-up-2024","status":"publish","type":"page","link":"https:\/\/contextile.pt\/en\/textile-talks-hook-up-2024\/","title":{"rendered":"Textile Talks \u2013 Hook Up 2024"},"content":{"rendered":"\t\t<div data-elementor-type=\"wp-page\" data-elementor-id=\"7854\" class=\"elementor elementor-7854\" data-elementor-post-type=\"page\">\n\t\t\t\t\t\t<section class=\"elementor-section elementor-top-section elementor-element elementor-element-327dcb9 elementor-section-boxed elementor-section-height-default elementor-section-height-default\" data-id=\"327dcb9\" data-element_type=\"section\" data-e-type=\"section\" data-settings=\"{&quot;background_background&quot;:&quot;classic&quot;}\">\n\t\t\t\t\t\t<div class=\"elementor-container elementor-column-gap-default\">\n\t\t\t\t\t<div class=\"elementor-column elementor-col-100 elementor-top-column elementor-element elementor-element-03c7d08\" data-id=\"03c7d08\" data-element_type=\"column\" data-e-type=\"column\">\n\t\t\t<div class=\"elementor-widget-wrap elementor-element-populated\">\n\t\t\t\t\t\t<div class=\"elementor-element elementor-element-73dc508 elementor-widget elementor-widget-spacer\" data-id=\"73dc508\" data-element_type=\"widget\" data-e-type=\"widget\" data-widget_type=\"spacer.default\">\n\t\t\t\t<div class=\"elementor-widget-container\">\n\t\t\t\t\t\t\t<div class=\"elementor-spacer\">\n\t\t\t<div class=\"elementor-spacer-inner\"><\/div>\n\t\t<\/div>\n\t\t\t\t\t\t<\/div>\n\t\t\t\t<\/div>\n\t\t\t\t<div class=\"elementor-element elementor-element-07cc60e elementor-widget elementor-widget-spacer\" data-id=\"07cc60e\" data-element_type=\"widget\" data-e-type=\"widget\" data-widget_type=\"spacer.default\">\n\t\t\t\t<div class=\"elementor-widget-container\">\n\t\t\t\t\t\t\t<div class=\"elementor-spacer\">\n\t\t\t<div class=\"elementor-spacer-inner\"><\/div>\n\t\t<\/div>\n\t\t\t\t\t\t<\/div>\n\t\t\t\t<\/div>\n\t\t\t\t<div class=\"elementor-element elementor-element-c373d56 elementor-widget elementor-widget-heading\" data-id=\"c373d56\" data-element_type=\"widget\" data-e-type=\"widget\" data-widget_type=\"heading.default\">\n\t\t\t\t<div class=\"elementor-widget-container\">\n\t\t\t\t\t<h2 class=\"elementor-heading-title elementor-size-default\">Textile Talks \u2013 Hook Up!<\/h2>\t\t\t\t<\/div>\n\t\t\t\t<\/div>\n\t\t\t\t<div class=\"elementor-element elementor-element-5247912 elementor-widget elementor-widget-heading\" data-id=\"5247912\" data-element_type=\"widget\" data-e-type=\"widget\" data-widget_type=\"heading.default\">\n\t\t\t\t<div class=\"elementor-widget-container\">\n\t\t\t\t\t<h2 class=\"elementor-heading-title elementor-size-default\">Audit\u00f3rio CCVF | 18 October 10h\u201418h\n\n<\/h2>\t\t\t\t<\/div>\n\t\t\t\t<\/div>\n\t\t\t\t<div class=\"elementor-element elementor-element-340ace8 elementor-widget elementor-widget-button\" data-id=\"340ace8\" data-element_type=\"widget\" data-e-type=\"widget\" data-widget_type=\"button.default\">\n\t\t\t\t<div class=\"elementor-widget-container\">\n\t\t\t\t\t\t\t\t\t<div class=\"elementor-button-wrapper\">\n\t\t\t\t\t<a class=\"elementor-button elementor-button-link elementor-size-sm\" href=\"https:\/\/contextile.pt\/wp-content\/uploads\/2023\/02\/Textile-Talks_Livro_Digital_FINAL_Small.pdf\">\n\t\t\t\t\t\t<span class=\"elementor-button-content-wrapper\">\n\t\t\t\t\t\t\t\t\t<span class=\"elementor-button-text\">Book Download<\/span>\n\t\t\t\t\t<\/span>\n\t\t\t\t\t<\/a>\n\t\t\t\t<\/div>\n\t\t\t\t\t\t\t\t<\/div>\n\t\t\t\t<\/div>\n\t\t\t\t<div class=\"elementor-element elementor-element-b049d2a elementor-widget elementor-widget-spacer\" data-id=\"b049d2a\" data-element_type=\"widget\" data-e-type=\"widget\" data-widget_type=\"spacer.default\">\n\t\t\t\t<div class=\"elementor-widget-container\">\n\t\t\t\t\t\t\t<div class=\"elementor-spacer\">\n\t\t\t<div class=\"elementor-spacer-inner\"><\/div>\n\t\t<\/div>\n\t\t\t\t\t\t<\/div>\n\t\t\t\t<\/div>\n\t\t\t\t\t<\/div>\n\t\t<\/div>\n\t\t\t\t\t<\/div>\n\t\t<\/section>\n\t\t\t\t<section class=\"elementor-section elementor-top-section elementor-element elementor-element-781946b elementor-section-boxed elementor-section-height-default elementor-section-height-default\" data-id=\"781946b\" data-element_type=\"section\" data-e-type=\"section\">\n\t\t\t\t\t\t<div class=\"elementor-container elementor-column-gap-default\">\n\t\t\t\t\t<div class=\"elementor-column elementor-col-100 elementor-top-column elementor-element elementor-element-e88bda0\" data-id=\"e88bda0\" data-element_type=\"column\" data-e-type=\"column\">\n\t\t\t<div class=\"elementor-widget-wrap elementor-element-populated\">\n\t\t\t\t\t\t<div class=\"elementor-element elementor-element-5117738 elementor-widget elementor-widget-spacer\" data-id=\"5117738\" data-element_type=\"widget\" data-e-type=\"widget\" data-widget_type=\"spacer.default\">\n\t\t\t\t<div class=\"elementor-widget-container\">\n\t\t\t\t\t\t\t<div class=\"elementor-spacer\">\n\t\t\t<div class=\"elementor-spacer-inner\"><\/div>\n\t\t<\/div>\n\t\t\t\t\t\t<\/div>\n\t\t\t\t<\/div>\n\t\t\t\t\t<\/div>\n\t\t<\/div>\n\t\t\t\t\t<\/div>\n\t\t<\/section>\n\t\t\t\t<section class=\"elementor-section elementor-top-section elementor-element elementor-element-7e94920 elementor-section-boxed elementor-section-height-default elementor-section-height-default\" data-id=\"7e94920\" data-element_type=\"section\" data-e-type=\"section\">\n\t\t\t\t\t\t<div class=\"elementor-container elementor-column-gap-default\">\n\t\t\t\t\t<div class=\"elementor-column elementor-col-100 elementor-top-column elementor-element elementor-element-fcbf36c\" data-id=\"fcbf36c\" data-element_type=\"column\" data-e-type=\"column\">\n\t\t\t<div class=\"elementor-widget-wrap elementor-element-populated\">\n\t\t\t\t\t\t<div class=\"elementor-element elementor-element-16b5b25 elementor-widget elementor-widget-video\" data-id=\"16b5b25\" data-element_type=\"widget\" data-e-type=\"widget\" data-settings=\"{&quot;youtube_url&quot;:&quot;https:\\\/\\\/www.youtube.com\\\/watch?v=jzsyW5jcF4I&quot;,&quot;video_type&quot;:&quot;youtube&quot;,&quot;controls&quot;:&quot;yes&quot;}\" data-widget_type=\"video.default\">\n\t\t\t\t<div class=\"elementor-widget-container\">\n\t\t\t\t\t\t\t<div class=\"elementor-wrapper elementor-open-inline\">\n\t\t\t<div class=\"elementor-video\"><\/div>\t\t<\/div>\n\t\t\t\t\t\t<\/div>\n\t\t\t\t<\/div>\n\t\t\t\t\t<\/div>\n\t\t<\/div>\n\t\t\t\t\t<\/div>\n\t\t<\/section>\n\t\t\t\t<section class=\"elementor-section elementor-top-section elementor-element elementor-element-6a252ae elementor-section-boxed elementor-section-height-default elementor-section-height-default\" data-id=\"6a252ae\" data-element_type=\"section\" data-e-type=\"section\">\n\t\t\t\t\t\t<div class=\"elementor-container elementor-column-gap-default\">\n\t\t\t\t\t<div class=\"elementor-column elementor-col-100 elementor-top-column elementor-element elementor-element-afad911\" data-id=\"afad911\" data-element_type=\"column\" data-e-type=\"column\">\n\t\t\t<div class=\"elementor-widget-wrap elementor-element-populated\">\n\t\t\t\t\t\t<div class=\"elementor-element elementor-element-87b7908 elementor-widget elementor-widget-text-editor\" data-id=\"87b7908\" data-element_type=\"widget\" data-e-type=\"widget\" data-widget_type=\"text-editor.default\">\n\t\t\t\t<div class=\"elementor-widget-container\">\n\t\t\t\t\t\t\t\t\t<p class=\"p2\">Part of the Guimar\u00e3es Economy Month<\/p>\t\t\t\t\t\t\t\t<\/div>\n\t\t\t\t<\/div>\n\t\t\t\t\t<\/div>\n\t\t<\/div>\n\t\t\t\t\t<\/div>\n\t\t<\/section>\n\t\t\t\t<section class=\"elementor-section elementor-top-section elementor-element elementor-element-0eb9c48 elementor-section-boxed elementor-section-height-default elementor-section-height-default\" data-id=\"0eb9c48\" data-element_type=\"section\" data-e-type=\"section\">\n\t\t\t\t\t\t<div class=\"elementor-container elementor-column-gap-default\">\n\t\t\t\t\t<div class=\"elementor-column elementor-col-100 elementor-top-column elementor-element elementor-element-c876ea1\" data-id=\"c876ea1\" data-element_type=\"column\" data-e-type=\"column\">\n\t\t\t<div class=\"elementor-widget-wrap elementor-element-populated\">\n\t\t\t\t\t\t<div class=\"elementor-element elementor-element-d2619c2 elementor-widget elementor-widget-text-editor\" data-id=\"d2619c2\" data-element_type=\"widget\" data-e-type=\"widget\" data-widget_type=\"text-editor.default\">\n\t\t\t\t<div class=\"elementor-widget-container\">\n\t\t\t\t\t\t\t\t\t<p>Engines of the New Economy &#8211; Net Zero, Creativity and Collaborative Innovation: \u2018Collaborative networks for innovation and creativity as an engine for business competitiveness\u2019<\/p>\t\t\t\t\t\t\t\t<\/div>\n\t\t\t\t<\/div>\n\t\t\t\t<div class=\"elementor-element elementor-element-d07d1f9 elementor-widget-divider--view-line elementor-widget elementor-widget-divider\" data-id=\"d07d1f9\" data-element_type=\"widget\" data-e-type=\"widget\" data-widget_type=\"divider.default\">\n\t\t\t\t<div class=\"elementor-widget-container\">\n\t\t\t\t\t\t\t<div class=\"elementor-divider\">\n\t\t\t<span class=\"elementor-divider-separator\">\n\t\t\t\t\t\t<\/span>\n\t\t<\/div>\n\t\t\t\t\t\t<\/div>\n\t\t\t\t<\/div>\n\t\t\t\t\t<\/div>\n\t\t<\/div>\n\t\t\t\t\t<\/div>\n\t\t<\/section>\n\t\t\t\t<section class=\"elementor-section elementor-top-section elementor-element elementor-element-9fe2e16 elementor-section-boxed elementor-section-height-default elementor-section-height-default\" data-id=\"9fe2e16\" data-element_type=\"section\" data-e-type=\"section\">\n\t\t\t\t\t\t<div class=\"elementor-container elementor-column-gap-default\">\n\t\t\t\t\t<div class=\"elementor-column elementor-col-100 elementor-top-column elementor-element elementor-element-581b927\" data-id=\"581b927\" data-element_type=\"column\" data-e-type=\"column\">\n\t\t\t<div class=\"elementor-widget-wrap elementor-element-populated\">\n\t\t\t\t\t\t<div class=\"elementor-element elementor-element-cf57761 elementor-widget elementor-widget-text-editor\" data-id=\"cf57761\" data-element_type=\"widget\" data-e-type=\"widget\" data-widget_type=\"text-editor.default\">\n\t\t\t\t<div class=\"elementor-widget-container\">\n\t\t\t\t\t\t\t\t\t<p class=\"p2\"><span style=\"color: var( --e-global-color-7b15657 ); font-family: var( --e-global-typography-text-font-family ), Sans-serif; font-weight: var( --e-global-typography-text-font-weight ); background-color: var(--nv-site-bg); letter-spacing: 0px;\">Contextile 2024 &#8211; Contemporary Textile Art Biennial, with the support of the Municipality of Guimar\u00e3es, is organising Educational TEXTILE TALKS 2024, which explores possible connections for students in the artistic and design fields, both in life and in work after graduation, looking at the potential crossing of the sustainable construction of interdisciplinary networks, involvement in public programmes that integrate them into professional contexts and in the collaborative and entrepreneurial creative efforts.<\/span><\/p><p class=\"p3\">For this conversation and dialogical exchange, different communities of interest will take part, such as schools and universities, graduates, alumni and professionals, institutions, museums and cultural mediators, or those interested in textiles, their languages and teaching and learning strategies.<\/p><p class=\"p3\">The one-day event will offer an informal format in an atmosphere of conversation and sharing. There will be brief introductions to the topics of discussion, short presentations by guest speakers and case studies to kick-start the debate. The conversation will be conducted in English with online streaming.<\/p><p class=\"p3\">Cientific Committee: Janis Jefferies, Joana Cunha and Susana Mil\u00e3o<\/p>\t\t\t\t\t\t\t\t<\/div>\n\t\t\t\t<\/div>\n\t\t\t\t<div class=\"elementor-element elementor-element-82ff2c2 elementor-widget-divider--view-line elementor-widget elementor-widget-divider\" data-id=\"82ff2c2\" data-element_type=\"widget\" data-e-type=\"widget\" data-widget_type=\"divider.default\">\n\t\t\t\t<div class=\"elementor-widget-container\">\n\t\t\t\t\t\t\t<div class=\"elementor-divider\">\n\t\t\t<span class=\"elementor-divider-separator\">\n\t\t\t\t\t\t<\/span>\n\t\t<\/div>\n\t\t\t\t\t\t<\/div>\n\t\t\t\t<\/div>\n\t\t\t\t\t<\/div>\n\t\t<\/div>\n\t\t\t\t\t<\/div>\n\t\t<\/section>\n\t\t\t\t<section class=\"elementor-section elementor-top-section elementor-element elementor-element-74a1d4a elementor-section-boxed elementor-section-height-default elementor-section-height-default\" data-id=\"74a1d4a\" data-element_type=\"section\" data-e-type=\"section\">\n\t\t\t\t\t\t<div class=\"elementor-container elementor-column-gap-default\">\n\t\t\t\t\t<div class=\"elementor-column elementor-col-100 elementor-top-column elementor-element elementor-element-9391568\" data-id=\"9391568\" data-element_type=\"column\" data-e-type=\"column\">\n\t\t\t<div class=\"elementor-widget-wrap elementor-element-populated\">\n\t\t\t\t\t\t<div class=\"elementor-element elementor-element-5167fd6 elementor-widget__width-initial elementor-widget elementor-widget-text-editor\" data-id=\"5167fd6\" data-element_type=\"widget\" data-e-type=\"widget\" data-widget_type=\"text-editor.default\">\n\t\t\t\t<div class=\"elementor-widget-container\">\n\t\t\t\t\t\t\t\t\t<p>Friday \u2013 18th October<\/p><p><b>10:00<\/b> | Welcoming Session<\/p><p>Presenting the Educational Textile TALKS and its objectives.<\/p><p><b>10:30 <\/b>| \u2018Life after school\u2019 &#8211; presentation of case studies<\/p><p><b>Paulo Lopes Silva <\/b>Councillor in Guimar\u00e3es Municipality with responsibility for Culture, Administrative Modernisation and Quality, Intelligent and Information Systems, Customer Service, Human Resources and Tourism<\/p><p><b>Cindy Steiler<br \/><\/b><span style=\"color: var( --e-global-color-7b15657 ); font-family: var( --e-global-typography-text-font-family ), Sans-serif; font-weight: var( --e-global-typography-text-font-weight ); background-color: var(--nv-site-bg); letter-spacing: 0px;\">Multidisciplinary artist and alternative process photographer. Her work explores concepts of memory, space and longing through a range of materials and techniques including found objects, textiles, photography, embroidery and crochet. Steiler\u2019s work is inspired by her travels, where she can delve in to a new community, listening to stories told by residents to learn the personality and history of each new place. This practice has led her across the United States, Canada and Europe, presenting exhibitions and teaching workshops for students of all ages. Her work has been published in books and magazines in the US, Australia, Europe and Asia.<\/span><\/p><p><b>Susana Cereja<br \/><\/b><span style=\"color: var( --e-global-color-7b15657 ); font-family: var( --e-global-typography-text-font-family ), Sans-serif; font-weight: var( --e-global-typography-text-font-weight ); background-color: var(--nv-site-bg); letter-spacing: 0px;\">She began her career in architecture but showed her passion for art from an early age. She studied in Lisbon and Germany, immersing herself in ancient techniques of artistic production, and finding her \u2018home\u2019 in tapestry in the Arraiolos stitch. She worked as an architect for five years in the studio of the artist Joana Vasconcelos, but her passion for art continued to grow, consolidating her presence in this universe with exhibitions in London, Lisbon, the Algarve, \u00c1gueda, Tallinn and Kranj. In 2022, Susana took up an artistic residency in Estonia, and it was in 2023 that she stood out as a guest artist at the Kranj International Textile Biennale in Slovenia. In addition to her regular work, Susana enjoys developing artistic projects in the community, contributing and making an impact on a local scale. This is evident in her recent project in Vila do Torr\u00e3o, Portugal, where she collaborated with people aged 45 to 82 and, over the course of a month, worked with the community to create a piece that involved 17 people in the project.<\/span><\/p><p><b>11:30<\/b> | Coffee break<\/p><p><b>11:45<\/b> | \u2018Life after school\u2019 &#8211; presentation of case studies<\/p><p><b>Sofia Victorino<br \/><\/b>Holds a PhD in History, specialising in Contemporary History from NOVA FCSH. She currently holds a scholarship from the Foundation for Science and Technology and is researching the relations between decolonial thinking, contemporary art and cultural institutions. Until 2021, she held the position of Director of Education and Public Programmes at the Whitechapel Gallery in London. Previously, from 2002 to 2011, was Coordinator of the Educational Service at the Serralves Foundation.<\/p><p><b>Roberto Liberti<br \/><\/b>Designer and professor at the University of Campania Luigi Vanvitelli, in the Department of Architecture and Industrial Design, specialising in Fashion Design, in Naples, Italy. His academic practice centres on the intersection between design and education, contributing to the training of new professionals in the field.<\/p><p><b>12:45<\/b> | Lunch Networking<\/p><p><b>14:00 <\/b>| \u2018Interdisciplinary networks\u2019 &#8211; Presentation of case studies<\/p><p><b>Vera Sachetti<br \/><\/b>Design critic and curator based in Basel, Switzerland. She works as a curator, researcher and editor, and coordinates international design and architecture projects. She graduated in Communication Design from FBAUP and holds a Master&#8217;s degree in Design Criticism from the School of Visual Arts, New York.<\/p><p><b>Frederico Duarte<br \/><\/b>With a degree in Communication Design (FBAUL), a Master&#8217;s in Design Criticism (SVA) and a PhD in Curating (Birkbeck College and Victoria &amp; Albert Museum), he is a critic, curator and lecturer at FBAUL and has worked as a designer in Malaysia and Italy.<\/p><p><b>Vera Sacchetti e Frederico Duarte<\/b>, co-founders of the magazine Fazer, they propose an innovative approach to contemporary design, exploring how this discipline shapes societal transformations through a critical and multifaceted perspective.<\/p><p><b>F\u00e1tima S\u00e3o Sim\u00e3o<br \/><\/b>An expert in development, strategy and sustainability for cultural and creative industries (CCI). Having a background in Economics (Faculty of Economics of Porto, FEP) and an MA in Cultural Policy and Management (City University of London), since 2001, F\u00e1tima has supported over 300 CCI projects, from startups to non-profits and public institutions both at national and international level. In 2020, she completed her PhD thesis titled \u201cAuthors\u2019 Rights and Rights\u2019 Authors: on the Relationship Between Copyright and Artistic Work\u201d (Faculty of Fine Arts of the University of Porto). She teaches and researches cultural and media economics, project development, strategy and entrepreneurship at FEP and Polytechnic Institute of Lisbon (IPL). Coordinator of the Creative Commons Portuguese Chapter, she is an activist for the open culture movement, since 2013. She was responsible for the creation, management and business development of the creative centre of the Science and Technology Park of the University of Porto (UPTEC), between 2009 and 2021.<\/p><p><b>15:00<\/b> | Coffee break<\/p><p><b>15:15<\/b> | Roundtable \u2013 Open Debate: HOOK UP! Challenges and Opportunities<\/p><p>Moderated by Natacha Ant\u00e3o<\/p><p>EAADUM \u2013 Escola de Arte, Arquitetura e Design da Universidade do Minho<\/p><p>ESAD \u2013 Escola Superior de Artes e Design FBAUL \u2013 Faculdade de Belas Artes da Universidade de Lisboa<\/p><p>FBAUP \u2013 Faculdade de Belas Artes da Universidade do Porto<\/p><p>UBI \u2013 Universidade da Beira Interior<\/p><p><b>17:00<\/b> | Conclusion \/ Summary of the Educational Textile Talks<\/p><p><b>17:30<\/b> | Closing session<\/p>\t\t\t\t\t\t\t\t<\/div>\n\t\t\t\t<\/div>\n\t\t\t\t<div class=\"elementor-element elementor-element-4fe1fd1 elementor-widget elementor-widget-menu-anchor\" data-id=\"4fe1fd1\" data-element_type=\"widget\" data-e-type=\"widget\" data-widget_type=\"menu-anchor.default\">\n\t\t\t\t<div class=\"elementor-widget-container\">\n\t\t\t\t\t\t\t<div class=\"elementor-menu-anchor\" id=\"inscricao\"><\/div>\n\t\t\t\t\t\t<\/div>\n\t\t\t\t<\/div>\n\t\t\t\t<div class=\"elementor-element elementor-element-426beb1 elementor-widget elementor-widget-text-editor\" data-id=\"426beb1\" data-element_type=\"widget\" data-e-type=\"widget\" data-widget_type=\"text-editor.default\">\n\t\t\t\t<div class=\"elementor-widget-container\">\n\t\t\t\t\t\t\t\t\t<p style=\"color: #0000a8;\">_<\/p><p style=\"color: #0000a8;\">Inscri\u00e7\u00e3o Gratuita\u00a0<\/p>\t\t\t\t\t\t\t\t<\/div>\n\t\t\t\t<\/div>\n\t\t\t\t\t<\/div>\n\t\t<\/div>\n\t\t\t\t\t<\/div>\n\t\t<\/section>\n\t\t\t\t<section class=\"elementor-section elementor-top-section elementor-element elementor-element-cb9607a elementor-section-boxed elementor-section-height-default elementor-section-height-default\" data-id=\"cb9607a\" data-element_type=\"section\" data-e-type=\"section\">\n\t\t\t\t\t\t<div class=\"elementor-container elementor-column-gap-default\">\n\t\t\t\t\t<div class=\"elementor-column elementor-col-100 elementor-top-column elementor-element elementor-element-add990b\" data-id=\"add990b\" data-element_type=\"column\" data-e-type=\"column\">\n\t\t\t<div class=\"elementor-widget-wrap elementor-element-populated\">\n\t\t\t\t\t\t<div class=\"elementor-element elementor-element-e779f50 elementor-widget elementor-widget-spacer\" data-id=\"e779f50\" data-element_type=\"widget\" data-e-type=\"widget\" data-widget_type=\"spacer.default\">\n\t\t\t\t<div class=\"elementor-widget-container\">\n\t\t\t\t\t\t\t<div class=\"elementor-spacer\">\n\t\t\t<div class=\"elementor-spacer-inner\"><\/div>\n\t\t<\/div>\n\t\t\t\t\t\t<\/div>\n\t\t\t\t<\/div>\n\t\t\t\t\t<\/div>\n\t\t<\/div>\n\t\t\t\t\t<\/div>\n\t\t<\/section>\n\t\t\t\t<\/div>\n\t\t","protected":false},"excerpt":{"rendered":"<p>Textile Talks \u2013 Hook Up! Audit\u00f3rio CCVF | 18 October 10h\u201418h Book Download https:\/\/www.youtube.com\/watch?v=jzsyW5jcF4I Part of the Guimar\u00e3es Economy Month Engines of the New Economy &#8211; Net Zero, Creativity and Collaborative Innovation: \u2018Collaborative networks for innovation and creativity as an engine for business competitiveness\u2019 Contextile 2024 &#8211; Contemporary Textile Art Biennial, with the support of&hellip;&nbsp;<a href=\"https:\/\/contextile.pt\/en\/textile-talks-hook-up-2024\/\" class=\"\" rel=\"bookmark\">Read More &raquo;<span class=\"screen-reader-text\">Textile Talks \u2013 Hook Up 2024<\/span><\/a><\/p>\n","protected":false},"author":1,"featured_media":0,"parent":0,"menu_order":0,"comment_status":"closed","ping_status":"closed","template":"page-templates\/template-pagebuilder-full-width.php","meta":{"neve_meta_sidebar":"full-width","neve_meta_container":"","neve_meta_enable_content_width":"on","neve_meta_content_width":100,"neve_meta_title_alignment":"","neve_meta_author_avatar":"","neve_post_elements_order":"","neve_meta_disable_header":"","neve_meta_disable_footer":"","neve_meta_disable_title":"","_themeisle_gutenberg_block_has_review":false,"footnotes":""},"class_list":["post-7854","page","type-page","status-publish","hentry"],"_links":{"self":[{"href":"https:\/\/contextile.pt\/en\/wp-json\/wp\/v2\/pages\/7854","targetHints":{"allow":["GET"]}}],"collection":[{"href":"https:\/\/contextile.pt\/en\/wp-json\/wp\/v2\/pages"}],"about":[{"href":"https:\/\/contextile.pt\/en\/wp-json\/wp\/v2\/types\/page"}],"author":[{"embeddable":true,"href":"https:\/\/contextile.pt\/en\/wp-json\/wp\/v2\/users\/1"}],"replies":[{"embeddable":true,"href":"https:\/\/contextile.pt\/en\/wp-json\/wp\/v2\/comments?post=7854"}],"version-history":[{"count":47,"href":"https:\/\/contextile.pt\/en\/wp-json\/wp\/v2\/pages\/7854\/revisions"}],"predecessor-version":[{"id":7915,"href":"https:\/\/contextile.pt\/en\/wp-json\/wp\/v2\/pages\/7854\/revisions\/7915"}],"wp:attachment":[{"href":"https:\/\/contextile.pt\/en\/wp-json\/wp\/v2\/media?parent=7854"}],"curies":[{"name":"wp","href":"https:\/\/api.w.org\/{rel}","templated":true}]}}